{"id":183,"date":"2022-05-20T11:56:53","date_gmt":"2022-05-20T09:56:53","guid":{"rendered":"https:\/\/wiatheme.web-ia-pp.com\/?page_id=183"},"modified":"2024-06-19T15:39:50","modified_gmt":"2024-06-19T13:39:50","slug":"accueil","status":"publish","type":"page","link":"https:\/\/smartshape.com\/fr\/","title":{"rendered":"Accueil"},"content":{"rendered":"<h1>Toutes les donn\u00e9es de votre projet d\u2019ing\u00e9nierie dans un [[jumeau num\u00e9rique 3D]]. <\/h1>\n<h2>Vos besoins sont sp\u00e9cifiques, SmartShape est [[une solution sur mesure]]. <\/h2>\n<p>                Subscribe            <\/p>\n<p>#sb_youtube_sbyPLVEQtjkJ7p4112 .sby_caption_wrap .sby_caption { font-size: 13px !important}#sb_youtube_sbyPLVEQtjkJ7p4112 .sby_follow_btn a:hover { box-shadow:inset 0 0 10px 20px rgb(255, 255, 255, .25) !important}#sb_youtube_sbyPLVEQtjkJ7p4112[data-videostyle=boxed] .sby_items_wrap .sby_item .sby_inner_item { background-color: #FFFFFF !important}if (typeof sbyOptions === \u00ab\u00a0undefined\u00a0\u00bb) var sbyOptions = {\u00ab\u00a0adminAjaxUrl\u00a0\u00bb:\u00a0\u00bbhttps:\/\/smartshape.com\/wp-admin\/admin-ajax.php\u00a0\u00bb,\u00a0\u00bbplaceholder\u00a0\u00bb:\u00a0\u00bbhttps:\/\/smartshape.com\/wp-content\/plugins\/youtube-feed-pro\/img\/placeholder.png\u00a0\u00bb,\u00a0\u00bbplaceholderNarrow\u00a0\u00bb:\u00a0\u00bbhttps:\/\/smartshape.com\/wp-content\/plugins\/youtube-feed-pro\/img\/placeholder-narrow.png\u00a0\u00bb,\u00a0\u00bblightboxPlaceholder\u00a0\u00bb:\u00a0\u00bbhttps:\/\/smartshape.com\/wp-content\/plugins\/youtube-feed-pro\/img\/lightbox-placeholder.png\u00a0\u00bb,\u00a0\u00bblightboxPlaceholderNarrow\u00a0\u00bb:\u00a0\u00bbhttps:\/\/smartshape.com\/wp-content\/plugins\/youtube-feed-pro\/img\/lightbox-placeholder-narrow.png\u00a0\u00bb,\u00a0\u00bbautoplay\u00a0\u00bb:true,\u00a0\u00bbsemiEagerload\u00a0\u00bb:false,\u00a0\u00bbeagerload\u00a0\u00bb:false};<\/p>\n<h2>G\u00e9rer des m\u00e9gaprojets industriels avec [[SmartShape]]. <\/h2>\n<p>Construire plus vite et mieux en g\u00e9rant le volume de donn\u00e9es \u00e0 laquelle vous faites face au quotidien r\u00e9v\u00e8le deux enjeux cruciaux :\u00a0<\/p>\n<p>la diffusion et la valorisation de\u00a0l\u2019information<br \/>\nla collaboration entre les \u00e9quipes et la valorisation de leur savoir-faire<\/p>\n<h2>Les sp\u00e9cificit\u00e9s [[SmartShape]]. <\/h2>\n<p>Ce qui diff\u00e9rencie SmartShape des autres solutions :<\/p>\n<h2>L&rsquo;actualit\u00e9s de votre [[secteur.]] <\/h2>\n","protected":false},"excerpt":{"rendered":"<p>Toutes les donn\u00e9es de votre projet d\u2019ing\u00e9nierie dans un [[jumeau num\u00e9rique 3D]]. Vos besoins sont sp\u00e9cifiques, SmartShape est [[une solution sur mesure]]. Subscribe #sb_youtube_sbyPLVEQtjkJ7p4112 .sby_caption_wrap .sby_caption { font-size: 13px !important}#sb_youtube_sbyPLVEQtjkJ7p4112 .sby_follow_btn a:hover { box-shadow:inset 0 0 10px 20px rgb(255, 255, 255, .25) !important}#sb_youtube_sbyPLVEQtjkJ7p4112[data-videostyle=boxed] .sby_items_wrap .sby_item .sby_inner_item { background-color: #FFFFFF !important}if (typeof sbyOptions === \u00ab\u00a0undefined\u00a0\u00bb) var [&hellip;]<\/p>\n","protected":false},"author":1,"featured_media":0,"parent":0,"menu_order":0,"comment_status":"closed","ping_status":"closed","template":"","meta":{"_acf_changed":false,"footnotes":""},"class_list":["post-183","page","type-page","status-publish","hentry"],"acf":[],"yoast_head":"<!-- This site is optimized with the Yoast SEO plugin v27.3 - https:\/\/yoast.com\/product\/yoast-seo-wordpress\/ -->\n<title>SmartShape solution de conception, mod\u00e9lisation, simulation multi secteur<\/title>\n<meta name=\"description\" content=\"Toutes les donn\u00e9es de votre projet d\u2019ing\u00e9nierie dans un jumeau num\u00e9rique 3D. La r\u00e9ponse \u00e0 la complexit\u00e9 de la gestion de l\u2019information au c\u0153ur des m\u00e9gaprojets d\u2019ing\u00e9nierie.\" \/>\n<meta name=\"robots\" content=\"index, follow, max-snippet:-1, max-image-preview:large, max-video-preview:-1\" \/>\n<link rel=\"canonical\" href=\"https:\/\/smartshape.com\/fr\/\" \/>\n<meta property=\"og:locale\" content=\"fr_FR\" \/>\n<meta property=\"og:type\" content=\"article\" \/>\n<meta property=\"og:title\" content=\"SmartShape solution de conception, mod\u00e9lisation, simulation multi secteur\" \/>\n<meta property=\"og:description\" content=\"Toutes les donn\u00e9es de votre projet d\u2019ing\u00e9nierie dans un jumeau num\u00e9rique 3D. La r\u00e9ponse \u00e0 la complexit\u00e9 de la gestion de l\u2019information au c\u0153ur des m\u00e9gaprojets d\u2019ing\u00e9nierie.\" \/>\n<meta property=\"og:url\" content=\"https:\/\/smartshape.com\/fr\/\" \/>\n<meta property=\"og:site_name\" content=\"SmartShape\" \/>\n<meta property=\"article:modified_time\" content=\"2024-06-19T13:39:50+00:00\" \/>\n<meta name=\"twitter:card\" content=\"summary_large_image\" \/>\n<meta name=\"twitter:label1\" content=\"Dur\u00e9e de lecture estim\u00e9e\" \/>\n\t<meta name=\"twitter:data1\" content=\"6 minutes\" \/>\n<script type=\"application\/ld+json\" class=\"yoast-schema-graph\">{\"@context\":\"https:\\\/\\\/schema.org\",\"@graph\":[{\"@type\":\"WebPage\",\"@id\":\"https:\\\/\\\/smartshape.com\\\/fr\\\/\",\"url\":\"https:\\\/\\\/smartshape.com\\\/fr\\\/\",\"name\":\"SmartShape solution de conception, mod\u00e9lisation, simulation multi secteur\",\"isPartOf\":{\"@id\":\"https:\\\/\\\/smartshape.com\\\/fr\\\/#website\"},\"datePublished\":\"2022-05-20T09:56:53+00:00\",\"dateModified\":\"2024-06-19T13:39:50+00:00\",\"description\":\"Toutes les donn\u00e9es de votre projet d\u2019ing\u00e9nierie dans un jumeau num\u00e9rique 3D. La r\u00e9ponse \u00e0 la complexit\u00e9 de la gestion de l\u2019information au c\u0153ur des m\u00e9gaprojets d\u2019ing\u00e9nierie.\",\"breadcrumb\":{\"@id\":\"https:\\\/\\\/smartshape.com\\\/fr\\\/#breadcrumb\"},\"inLanguage\":\"fr-FR\",\"potentialAction\":[{\"@type\":\"ReadAction\",\"target\":[\"https:\\\/\\\/smartshape.com\\\/fr\\\/\"]}]},{\"@type\":\"BreadcrumbList\",\"@id\":\"https:\\\/\\\/smartshape.com\\\/fr\\\/#breadcrumb\",\"itemListElement\":[{\"@type\":\"ListItem\",\"position\":1,\"name\":\"Accueil\",\"item\":\"https:\\\/\\\/smartshape.com\\\/fr\\\/\"},{\"@type\":\"ListItem\",\"position\":2,\"name\":\"Accueil\"}]},{\"@type\":\"WebSite\",\"@id\":\"https:\\\/\\\/smartshape.com\\\/fr\\\/#website\",\"url\":\"https:\\\/\\\/smartshape.com\\\/fr\\\/\",\"name\":\"SmartShape\",\"description\":\"\",\"potentialAction\":[{\"@type\":\"SearchAction\",\"target\":{\"@type\":\"EntryPoint\",\"urlTemplate\":\"https:\\\/\\\/smartshape.com\\\/fr\\\/?s={search_term_string}\"},\"query-input\":{\"@type\":\"PropertyValueSpecification\",\"valueRequired\":true,\"valueName\":\"search_term_string\"}}],\"inLanguage\":\"fr-FR\"}]}<\/script>\n<!-- \/ Yoast SEO plugin. -->","yoast_head_json":{"title":"SmartShape solution de conception, mod\u00e9lisation, simulation multi secteur","description":"Toutes les donn\u00e9es de votre projet d\u2019ing\u00e9nierie dans un jumeau num\u00e9rique 3D. La r\u00e9ponse \u00e0 la complexit\u00e9 de la gestion de l\u2019information au c\u0153ur des m\u00e9gaprojets d\u2019ing\u00e9nierie.","robots":{"index":"index","follow":"follow","max-snippet":"max-snippet:-1","max-image-preview":"max-image-preview:large","max-video-preview":"max-video-preview:-1"},"canonical":"https:\/\/smartshape.com\/fr\/","og_locale":"fr_FR","og_type":"article","og_title":"SmartShape solution de conception, mod\u00e9lisation, simulation multi secteur","og_description":"Toutes les donn\u00e9es de votre projet d\u2019ing\u00e9nierie dans un jumeau num\u00e9rique 3D. La r\u00e9ponse \u00e0 la complexit\u00e9 de la gestion de l\u2019information au c\u0153ur des m\u00e9gaprojets d\u2019ing\u00e9nierie.","og_url":"https:\/\/smartshape.com\/fr\/","og_site_name":"SmartShape","article_modified_time":"2024-06-19T13:39:50+00:00","twitter_card":"summary_large_image","twitter_misc":{"Dur\u00e9e de lecture estim\u00e9e":"6 minutes"},"schema":{"@context":"https:\/\/schema.org","@graph":[{"@type":"WebPage","@id":"https:\/\/smartshape.com\/fr\/","url":"https:\/\/smartshape.com\/fr\/","name":"SmartShape solution de conception, mod\u00e9lisation, simulation multi secteur","isPartOf":{"@id":"https:\/\/smartshape.com\/fr\/#website"},"datePublished":"2022-05-20T09:56:53+00:00","dateModified":"2024-06-19T13:39:50+00:00","description":"Toutes les donn\u00e9es de votre projet d\u2019ing\u00e9nierie dans un jumeau num\u00e9rique 3D. La r\u00e9ponse \u00e0 la complexit\u00e9 de la gestion de l\u2019information au c\u0153ur des m\u00e9gaprojets d\u2019ing\u00e9nierie.","breadcrumb":{"@id":"https:\/\/smartshape.com\/fr\/#breadcrumb"},"inLanguage":"fr-FR","potentialAction":[{"@type":"ReadAction","target":["https:\/\/smartshape.com\/fr\/"]}]},{"@type":"BreadcrumbList","@id":"https:\/\/smartshape.com\/fr\/#breadcrumb","itemListElement":[{"@type":"ListItem","position":1,"name":"Accueil","item":"https:\/\/smartshape.com\/fr\/"},{"@type":"ListItem","position":2,"name":"Accueil"}]},{"@type":"WebSite","@id":"https:\/\/smartshape.com\/fr\/#website","url":"https:\/\/smartshape.com\/fr\/","name":"SmartShape","description":"","potentialAction":[{"@type":"SearchAction","target":{"@type":"EntryPoint","urlTemplate":"https:\/\/smartshape.com\/fr\/?s={search_term_string}"},"query-input":{"@type":"PropertyValueSpecification","valueRequired":true,"valueName":"search_term_string"}}],"inLanguage":"fr-FR"}]}},"_links":{"self":[{"href":"https:\/\/smartshape.com\/fr\/wp-json\/wp\/v2\/pages\/183","targetHints":{"allow":["GET"]}}],"collection":[{"href":"https:\/\/smartshape.com\/fr\/wp-json\/wp\/v2\/pages"}],"about":[{"href":"https:\/\/smartshape.com\/fr\/wp-json\/wp\/v2\/types\/page"}],"author":[{"embeddable":true,"href":"https:\/\/smartshape.com\/fr\/wp-json\/wp\/v2\/users\/1"}],"replies":[{"embeddable":true,"href":"https:\/\/smartshape.com\/fr\/wp-json\/wp\/v2\/comments?post=183"}],"version-history":[{"count":5,"href":"https:\/\/smartshape.com\/fr\/wp-json\/wp\/v2\/pages\/183\/revisions"}],"predecessor-version":[{"id":3259,"href":"https:\/\/smartshape.com\/fr\/wp-json\/wp\/v2\/pages\/183\/revisions\/3259"}],"wp:attachment":[{"href":"https:\/\/smartshape.com\/fr\/wp-json\/wp\/v2\/media?parent=183"}],"curies":[{"name":"wp","href":"https:\/\/api.w.org\/{rel}","templated":true}]}}