{"id":187,"date":"2022-05-20T11:57:13","date_gmt":"2022-05-20T09:57:13","guid":{"rendered":"https:\/\/wiatheme.web-ia-pp.com\/?page_id=187"},"modified":"2023-08-11T10:54:59","modified_gmt":"2023-08-11T08:54:59","slug":"mentions-legales","status":"publish","type":"page","link":"https:\/\/smartshape.com\/fr\/mentions-legales\/","title":{"rendered":"Mentions l\u00e9gales"},"content":{"rendered":"<h1>Mentions l\u00e9gales <\/h1>\n<p>Editeur.<br \/>\nStatut de la soci\u00e9t\u00e9 : SAS<br \/>\nNom de la soci\u00e9t\u00e9 : Aerys<br \/>\nSiren : 520907585<br \/>\nN\u00b0 de TVA intracommunautaire : FR96520907585<br \/>\nNom du (des) responsable(s) : Jean-Marc Le Roux<br \/>\n&nbsp;<br \/>\nContact.<br \/>\nAdresse : 1 rue Jean le Galleu<br \/>\nCode postal : 94200<br \/>\nVille : Ivry sur Seine<br \/>\nPays :\u00a0France<br \/>\nT\u00e9l\u00e9phone : +33 (0) 9 72 40 17 58<br \/>\nEmail : contact@aerys.in<br \/>\n&nbsp;<br \/>\nNotes l\u00e9gales.<br \/>\nResponsable Editeur :<br \/>\n\u00a0Email (contenu) :\u00a0 victor.bommelaer@aerys.in<br \/>\nResponsable technique :\u00a0Sylvain Chevallier &#8211; Web Images Associ\u00e9es<br \/>\nEmail (technique) :\u00a0contact@web-ia.com<br \/>\n&nbsp;<br \/>\nConditions d&rsquo;utilisation.<\/p>\n<blockquote class=\"wp-embedded-content\" data-secret=\"YcDFIt90in\"><p><a href=\"https:\/\/smartshape.com\/\">Accueil<\/a><\/p><\/blockquote>\n<p><iframe class=\"wp-embedded-content\" sandbox=\"allow-scripts\" security=\"restricted\" style=\"position: absolute; clip: rect(1px, 1px, 1px, 1px);\" title=\"\u00ab\u00a0Accueil\u00a0\u00bb &#8212; SmartShape\" src=\"https:\/\/smartshape.com\/embed\/#?secret=qZgnJyrefW#?secret=YcDFIt90in\" data-secret=\"YcDFIt90in\" width=\"500\" height=\"282\" frameborder=\"0\" marginwidth=\"0\" marginheight=\"0\" scrolling=\"no\"><\/iframe><br \/>\nChef de projet :<br \/>\nVictor BOMMELAER pour Aerys-Smartshape<br \/>\nCr\u00e9ation graphique :<br \/>\nWinbound<br \/>\nConception, r\u00e9alisation technique :<br \/>\nSylvain Chevallier, Antoine Tirouflet \u00a0pour Web IA &#8211;\u00a0https:\/\/www.web-ia.com<br \/>\nH\u00e9bergement :<br \/>\nAERYS \u2013\u00a0https:\/\/www.aerys.in<br \/>\nDispositions l\u00e9gales :<br \/>\nLes divers \u00e9l\u00e9ments du site web (forme, mise en page, fond, structure) sont prot\u00e9g\u00e9s par le droit des dessins et mod\u00e8les, le droit d&rsquo;auteur, le droit des marques ainsi que le droit \u00e0 l&rsquo;image et ils ne peuvent \u00eatre copi\u00e9s ou imit\u00e9s en tout ou partie sauf autorisation expresse de\u00a0https:\/\/www.smartshape.com<br \/>\nToute personne ne respectant pas les dispositions l\u00e9gales se rend coupable du d\u00e9lit de contrefa\u00e7on et est passible des sanctions p\u00e9nales pr\u00e9vues par la loi.<br \/>\nDroits d&rsquo;auteurs:<br \/>\nLe pr\u00e9sent site constitue une \u0153uvre au sens des articles L. 111.1 et suivants du Code de la propri\u00e9t\u00e9 intellectuelle. Les photographies, textes, logos, pictogrammes, ainsi que toutes \u0153uvres int\u00e9gr\u00e9es dans le site sont la propri\u00e9t\u00e9 de https:\/\/www.smartshape.com ou de tiers ayant autoris\u00e9 https:\/\/www.smartshape.com \u00e0 les utiliser. Les reproductions, les transmissions, les modifications, les r\u00e9utilisations, sur un support papier ou informatique, du dit site et des \u0153uvres qui y sont reproduites ne sont autoris\u00e9es que pour un usage personnel et priv\u00e9 conforme aux dispositions de l&rsquo;article L 122-5 du Code de la Propri\u00e9t\u00e9 Intellectuelle. Ces reproductions devront ainsi notamment indiquer clairement la source et l&rsquo;auteur du site et\/ou de ces \u0153uvres multim\u00e9dias.<br \/>\nEn aucun cas ces reproductions ne sauraient porter pr\u00e9judice aux droits des tiers. Les reproductions, les transmissions, les modifications, les r\u00e9utilisations \u00e0 des fins publicitaires, commerciales ou d&rsquo;information, de tout ou partie du site, sont totalement interdites.<br \/>\nDroit des bases de donn\u00e9es :\u00a0<br \/>\nLes bases de donn\u00e9es sont prot\u00e9g\u00e9es par la loi du 1er juillet 1998 et le r\u00e9gime fran\u00e7ais du droit d&rsquo;auteur.<br \/>\nEtablissements de liens vers le site https:\/\/www.smartshape.com<br \/>\nhttps:\/\/www.smartshape.com autorise la mise en place d&rsquo;un lien hypertexte vers le site https:\/\/www.smartshape.com pour tous les sites Internet, \u00e0 l&rsquo;exclusion de ceux diffusant des informations \u00e0 caract\u00e8re pol\u00e9mique, pornographique, x\u00e9nophobe ou pouvant, dans une plus large mesure, porter atteinte \u00e0 la sensibilit\u00e9 du plus grand nombre.<br \/>\nLes pages du site\u00a0https:\/\/www.smartshape.com ne doivent en aucun cas \u00eatre int\u00e9gr\u00e9es \u00e0 l&rsquo;int\u00e9rieur des pages d&rsquo;un autre site (Frame). Sauf autorisation sp\u00e9cifique qui pourra \u00eatre accord\u00e9e au cas par cas.<br \/>\nLa demande d&rsquo;\u00e9tablissement de lien hypertexte \u00e0 partir du site de https:\/\/www.smartshape.com doit \u00eatre faite par mail \u00e0 :\u00a0victor.bommelaer@aerys.in<br \/>\nhttps:\/\/www.smartshape.com se\u00a0r\u00e9serve le droit de demander la suppression d&rsquo;un lien si elle estime que le site cible ne respecte pas les r\u00e8gles ainsi d\u00e9finies.<br \/>\nLes liens hypertextes mis en \u0153uvre au sein du site en direction d&rsquo;autres sites et\/ou de pages personnelles et d&rsquo;une mani\u00e8re g\u00e9n\u00e9rale vers toutes ressources existantes sur internet ne sauraient engager la responsabilit\u00e9 de https:\/\/www.smartshape.com quant aux liens qu&rsquo;ils contiennent ou aux changements ou mises \u00e0 jour qui leur sont apport\u00e9s.<br \/>\nCopyright :<br \/>\nTous droits r\u00e9serv\u00e9s \u00a9smartshape 2023. Toutes les pages du site \u00a0\u00bb https:\/\/www.smartshape.com \u00a0\u00bb sont prot\u00e9g\u00e9es.<br \/>\nTous droits de reproduction et de diffusion r\u00e9serv\u00e9s. \u00a9smartshape 2023.<br \/>\nMise en garde g\u00e9n\u00e9rale :<br \/>\nNos services mettent tout en \u0153uvre pour offrir aux visiteurs de ce site web des informations fiables et v\u00e9rifi\u00e9es. Cependant, malgr\u00e9 tous les soins apport\u00e9s, le site peut comporter des inexactitudes, des d\u00e9fauts de mise \u00e0 jour ou des erreurs. Nous remercions les utilisateurs du site de nous faire part d&rsquo;\u00e9ventuelles omissions, erreurs ou corrections par mail \u00e0 :\u00a0victor.bommelaer@aerys.in<br \/>\nToutefois, les informations contenues y compris leur aspect et leurs caract\u00e9ristiques, sur le site de www.smartshape.com ne sont pas contractuelles.<br \/>\nCes informations ne constituent ni une garantie ni un engagement de la part de https:\/\/www.smartshape.com\u00a0\u00e0 l&rsquo;\u00e9gard de tout produit ou service, AERYS &#8211; SMARTSHAPE d\u00e9cline toute responsabilit\u00e9, expresse ou implicite, quant \u00e0 leur compl\u00e9tude, leur exactitude ou leur ad\u00e9quation \u00e0 un but quelconque.<br \/>\nAERYS &#8211; SMARTSHAPE d\u00e9cline toute responsabilit\u00e9 quant \u00e0 la pertinence des informations fournies et \u00e0 l&rsquo;utilisation qu&rsquo;un internaute est susceptible d&rsquo;en faire.<br \/>\nCookies:<br \/>\nCette rubrique \u00ab COOKIES \u00bb vous permet d\u2019en savoir plus sur l\u2019origine et l\u2019usage des informations de navigation trait\u00e9es \u00e0 l\u2019occasion de votre consultation de notre site et sur vos droits.<br \/>\nAinsi, lors de la consultation de notre site, des informations relatives \u00e0 votre navigation sont susceptibles d\u2019\u00eatre enregistr\u00e9es dans des fichiers \u00ab Cookies \u00bb install\u00e9s sur votre terminal (ordinateur, tablette, smartphone, etc.).<br \/>\nCes cookies sont \u00e9mis par nous-m\u00eames dans le but de faciliter votre navigation sur notre site. Ils peuvent \u00eatre \u00e9mis par des partenaires afin de personnaliser l\u2019offre publicitaire qui vous est adress\u00e9e en dehors de notre site.<br \/>\nSachez que seul l\u2019\u00e9metteur d\u2019un cookie est susceptible de lire ou de modifier des informations qui y sont contenues. Si vous partagez l\u2019utilisation de votre terminal avec d\u2019autres personnes, nous ne pouvons pas nous assurer de mani\u00e8re certaine que les services et publicit\u00e9s destin\u00e9s \u00e0 votre terminal correspondent bien \u00e0 votre propre utilisation de ce terminal et non \u00e0 celle d\u2019un autre utilisateur de ce terminal.<br \/>\nLes cookies que nous \u00e9mettons.<br \/>\nLes cookies que nous installons, dans votre terminal, nous permettent de reconna\u00eetre votre navigateur lorsque vous vous connectez \u00e0 notre site. Soucieux de servir nos clients au mieux, nous \u00e9mettons des cookies afin :<br \/>\n&#8211; D\u2019\u00e9tablir des statistiques de fr\u00e9quentation (nombre de visites, de pages vues, d\u2019abandon dans le processus de commande, . .) pour suivre et am\u00e9liorer la qualit\u00e9 de nos services.<br \/>\n&#8211; D\u2019adapter la pr\u00e9sentation de notre site aux pr\u00e9f\u00e9rences d\u2019affichage de votre terminal.<br \/>\n&#8211; De m\u00e9moriser des informations saisies dans nos formulaires, g\u00e9rer et s\u00e9curiser l\u2019acc\u00e8s \u00e0 des espaces r\u00e9serv\u00e9s et personnels tels que votre compte, g\u00e9rer votre commande.<br \/>\n&#8211; De vous fournir du contenu en rapport avec vos centres d\u2019int\u00e9r\u00eats et de personnaliser les offres que nous vous adressons.<br \/>\nLes Cookies tiers<br \/>\nLorsque vous acc\u00e9dez \u00e0 notre site internet, un ou plusieurs cookies de soci\u00e9t\u00e9s partenaires (cookies tiers) sont susceptibles d\u2019\u00eatre plac\u00e9s dans votre ordinateur via les pages de notre site.<br \/>\nL\u2019\u00e9mission et l\u2019utilisation de cookies par des tiers, sont soumises aux politiques de protection de la vie priv\u00e9e de ces tiers. Nous avons ni acc\u00e8s et ni contr\u00f4le sur les cookies tiers. Toutefois nous veillons \u00e0 ce que les soci\u00e9t\u00e9s partenaires traitent les informations collect\u00e9es sur les sites https:\/\/www.smartshape.com exclusivement pour les besoins de https:\/\/www.smartshape.com et dans le respect de la loi \u00ab Informatique et Libert\u00e9s \u00bb. Nous vous informons que vous pouvez refuser les cookies tiers par un param\u00e9trage appropri\u00e9 de votre navigateur. Ces cookies sont d\u00e9pos\u00e9s par les prestataires auxquels nous faisons appel pour promouvoir nos activit\u00e9s et nos offres. Ils ont pour objet d\u2019identifier les produits consult\u00e9s ou achet\u00e9s sur notre site afin de personnaliser l\u2019offre publicitaire qui vous est adress\u00e9e en dehors des sites de AERYS &#8211; SMARTSHAPE, de vous adresser, si vous l\u2019avez autoris\u00e9 lors de votre inscription aupr\u00e8s de ces prestataires, des offres de AERYS &#8211; SMARTSHAPE par email.<br \/>\nVos choix concernant les cookies<br \/>\nPlusieurs possibilit\u00e9s vous sont offertes pour g\u00e9rer les cookies. Tout param\u00e9trage que vous pouvez entreprendre sera susceptible de modifier votre navigation sur Internet et vos conditions d\u2019acc\u00e8s \u00e0 certains services n\u00e9cessitant l\u2019utilisation de Cookies. Vous pouvez exprimer et modifier \u00e0 tout moment vos souhaits en mati\u00e8re de cookies, par les moyens d\u00e9crits ci-dessous.<br \/>\n&#8211; Les choix qui vous sont offerts par votre logiciel de navigation :<br \/>\nVous pouvez configurer votre logiciel de navigation de mani\u00e8re \u00e0 ce que des cookies soient enregistr\u00e9s dans votre terminal ou, au contraire, qu\u2019ils soient rejet\u00e9s, soit syst\u00e9matiquement, soit selon leur \u00e9metteur. Vous pouvez \u00e9galement configurer votre logiciel de navigation de mani\u00e8re \u00e0 ce que l\u2019acceptation ou le refus des cookies vous soient propos\u00e9s ponctuellement, avant qu\u2019un cookie soit susceptible d\u2019\u00eatre enregistr\u00e9 dans votre terminal. Nous vous informons que si votre navigateur est configur\u00e9 de mani\u00e8re \u00e0 refuser tous les cookies, vous ne pourrez pas effectuer de r\u00e9servation ou profiter de fonctions essentielles de notre site. Nous vous invitons \u00e0 param\u00e9trer votre navigateur au mieux. La configuration de chaque navigateur est diff\u00e9rente. Elle est d\u00e9crite dans le menu d\u2019aide de votre navigateur, qui vous permettra de savoir de quelle mani\u00e8re modifier vos souhaits en mati\u00e8re de cookies.<br \/>\n&#8211; Vos choix exprim\u00e9s en ligne aupr\u00e8s de plateformes interprofessionnelles :<br \/>\nVous pouvez vous connecter au site\u00a0Youronlinechoices, propos\u00e9 par les professionnels de la publicit\u00e9 digitale regroup\u00e9s au sein de l\u2019association europ\u00e9enne EDAA (European Digital Advertising Alliance) et g\u00e9r\u00e9 en France par l\u2019Interactive Advertising Bureau France. Cette plate-forme europ\u00e9enne est partag\u00e9e par des centaines de professionnels de la publicit\u00e9 sur Internet et constitue une interface centralis\u00e9e vous permettant d\u2019exprimer votre refus ou votre acceptation des cookies utilis\u00e9s afin d\u2019adapter les publicit\u00e9s \u00e0 la navigation de votre terminal. Par ailleurs, les plateformes suivantes : IAB opt-out platform, Network Advertising Initiative opt-out platform, Digital Advertising Alliance platform, vous permettent \u00e9galement d\u2019exprimer vos choix aupr\u00e8s de tous les acteurs int\u00e9gr\u00e9s \u00e0 ces plateformes.<br \/>\nNotez que cette proc\u00e9dure n\u2019emp\u00eachera pas l\u2019affichage de publicit\u00e9s sur les sites Internet que vous visitez. Elle ne bloquera que les technologies qui permettent d\u2019adapter des publicit\u00e9s \u00e0 vos centres d\u2019int\u00e9r\u00eats.<br \/>\nVous trouverez des infos compl\u00e9mentaires sur les cookies de ce site internet dans notre page :\u00a0Politique de confidentialit\u00e9<br \/>\n un site r\u00e9alis\u00e9 par\u00a0 :<br \/>\nCr\u00e9ation internet \u00e0 Nantes &#8211; WEB IA<\/p>\n","protected":false},"excerpt":{"rendered":"<p>Mentions l\u00e9gales Editeur. Statut de la soci\u00e9t\u00e9 : SAS Nom de la soci\u00e9t\u00e9 : Aerys Siren : 520907585 N\u00b0 de TVA intracommunautaire : FR96520907585 Nom du (des) responsable(s) : Jean-Marc Le Roux &nbsp; Contact. Adresse : 1 rue Jean le Galleu Code postal : 94200 Ville : Ivry sur Seine Pays :\u00a0France T\u00e9l\u00e9phone : +33 [&hellip;]<\/p>\n","protected":false},"author":1,"featured_media":1322,"parent":0,"menu_order":0,"comment_status":"closed","ping_status":"closed","template":"","meta":{"_acf_changed":false,"footnotes":""},"class_list":["post-187","page","type-page","status-publish","has-post-thumbnail","hentry"],"acf":[],"yoast_head":"<!-- This site is optimized with the Yoast SEO plugin v27.3 - https:\/\/yoast.com\/product\/yoast-seo-wordpress\/ -->\n<title>Mentions l\u00e9gales | SmartShape<\/title>\n<meta name=\"robots\" content=\"index, follow, max-snippet:-1, max-image-preview:large, max-video-preview:-1\" \/>\n<link rel=\"canonical\" href=\"https:\/\/smartshape.com\/fr\/mentions-legales\/\" \/>\n<meta property=\"og:locale\" content=\"fr_FR\" \/>\n<meta property=\"og:type\" content=\"article\" \/>\n<meta property=\"og:title\" content=\"Mentions l\u00e9gales | SmartShape\" \/>\n<meta property=\"og:description\" content=\"Mentions l\u00e9gales Editeur. Statut de la soci\u00e9t\u00e9 : SAS Nom de la soci\u00e9t\u00e9 : Aerys Siren : 520907585 N\u00b0 de TVA intracommunautaire : FR96520907585 Nom du (des) responsable(s) : Jean-Marc Le Roux &nbsp; Contact. Adresse : 1 rue Jean le Galleu Code postal : 94200 Ville : Ivry sur Seine Pays :\u00a0France T\u00e9l\u00e9phone : +33 [&hellip;]\" \/>\n<meta property=\"og:url\" content=\"https:\/\/smartshape.com\/fr\/mentions-legales\/\" \/>\n<meta property=\"og:site_name\" content=\"SmartShape\" \/>\n<meta property=\"article:modified_time\" content=\"2023-08-11T08:54:59+00:00\" \/>\n<meta property=\"og:image\" content=\"https:\/\/smartshape.com\/wp-content\/uploads\/2023\/04\/shutterstock-2126941934-scaled.jpg\" \/>\n\t<meta property=\"og:image:width\" content=\"2048\" \/>\n\t<meta property=\"og:image:height\" content=\"827\" \/>\n\t<meta property=\"og:image:type\" content=\"image\/jpeg\" \/>\n<meta name=\"twitter:card\" content=\"summary_large_image\" \/>\n<meta name=\"twitter:label1\" content=\"Dur\u00e9e de lecture estim\u00e9e\" \/>\n\t<meta name=\"twitter:data1\" content=\"8 minutes\" \/>\n<script type=\"application\/ld+json\" class=\"yoast-schema-graph\">{\"@context\":\"https:\\\/\\\/schema.org\",\"@graph\":[{\"@type\":\"WebPage\",\"@id\":\"https:\\\/\\\/smartshape.com\\\/fr\\\/mentions-legales\\\/\",\"url\":\"https:\\\/\\\/smartshape.com\\\/fr\\\/mentions-legales\\\/\",\"name\":\"Mentions l\u00e9gales | SmartShape\",\"isPartOf\":{\"@id\":\"https:\\\/\\\/smartshape.com\\\/fr\\\/#website\"},\"primaryImageOfPage\":{\"@id\":\"https:\\\/\\\/smartshape.com\\\/fr\\\/mentions-legales\\\/#primaryimage\"},\"image\":{\"@id\":\"https:\\\/\\\/smartshape.com\\\/fr\\\/mentions-legales\\\/#primaryimage\"},\"thumbnailUrl\":\"https:\\\/\\\/smartshape.com\\\/wp-content\\\/uploads\\\/2023\\\/04\\\/shutterstock-2126941934-scaled.jpg\",\"datePublished\":\"2022-05-20T09:57:13+00:00\",\"dateModified\":\"2023-08-11T08:54:59+00:00\",\"breadcrumb\":{\"@id\":\"https:\\\/\\\/smartshape.com\\\/fr\\\/mentions-legales\\\/#breadcrumb\"},\"inLanguage\":\"fr-FR\",\"potentialAction\":[{\"@type\":\"ReadAction\",\"target\":[\"https:\\\/\\\/smartshape.com\\\/fr\\\/mentions-legales\\\/\"]}]},{\"@type\":\"ImageObject\",\"inLanguage\":\"fr-FR\",\"@id\":\"https:\\\/\\\/smartshape.com\\\/fr\\\/mentions-legales\\\/#primaryimage\",\"url\":\"https:\\\/\\\/smartshape.com\\\/wp-content\\\/uploads\\\/2023\\\/04\\\/shutterstock-2126941934-scaled.jpg\",\"contentUrl\":\"https:\\\/\\\/smartshape.com\\\/wp-content\\\/uploads\\\/2023\\\/04\\\/shutterstock-2126941934-scaled.jpg\",\"width\":2048,\"height\":827,\"caption\":\"Mentions\"},{\"@type\":\"BreadcrumbList\",\"@id\":\"https:\\\/\\\/smartshape.com\\\/fr\\\/mentions-legales\\\/#breadcrumb\",\"itemListElement\":[{\"@type\":\"ListItem\",\"position\":1,\"name\":\"Accueil\",\"item\":\"https:\\\/\\\/smartshape.com\\\/fr\\\/\"},{\"@type\":\"ListItem\",\"position\":2,\"name\":\"Mentions l\u00e9gales\"}]},{\"@type\":\"WebSite\",\"@id\":\"https:\\\/\\\/smartshape.com\\\/fr\\\/#website\",\"url\":\"https:\\\/\\\/smartshape.com\\\/fr\\\/\",\"name\":\"SmartShape\",\"description\":\"\",\"potentialAction\":[{\"@type\":\"SearchAction\",\"target\":{\"@type\":\"EntryPoint\",\"urlTemplate\":\"https:\\\/\\\/smartshape.com\\\/fr\\\/?s={search_term_string}\"},\"query-input\":{\"@type\":\"PropertyValueSpecification\",\"valueRequired\":true,\"valueName\":\"search_term_string\"}}],\"inLanguage\":\"fr-FR\"}]}<\/script>\n<!-- \/ Yoast SEO plugin. -->","yoast_head_json":{"title":"Mentions l\u00e9gales | SmartShape","robots":{"index":"index","follow":"follow","max-snippet":"max-snippet:-1","max-image-preview":"max-image-preview:large","max-video-preview":"max-video-preview:-1"},"canonical":"https:\/\/smartshape.com\/fr\/mentions-legales\/","og_locale":"fr_FR","og_type":"article","og_title":"Mentions l\u00e9gales | SmartShape","og_description":"Mentions l\u00e9gales Editeur. Statut de la soci\u00e9t\u00e9 : SAS Nom de la soci\u00e9t\u00e9 : Aerys Siren : 520907585 N\u00b0 de TVA intracommunautaire : FR96520907585 Nom du (des) responsable(s) : Jean-Marc Le Roux &nbsp; Contact. Adresse : 1 rue Jean le Galleu Code postal : 94200 Ville : Ivry sur Seine Pays :\u00a0France T\u00e9l\u00e9phone : +33 [&hellip;]","og_url":"https:\/\/smartshape.com\/fr\/mentions-legales\/","og_site_name":"SmartShape","article_modified_time":"2023-08-11T08:54:59+00:00","og_image":[{"width":2048,"height":827,"url":"https:\/\/smartshape.com\/wp-content\/uploads\/2023\/04\/shutterstock-2126941934-scaled.jpg","type":"image\/jpeg"}],"twitter_card":"summary_large_image","twitter_misc":{"Dur\u00e9e de lecture estim\u00e9e":"8 minutes"},"schema":{"@context":"https:\/\/schema.org","@graph":[{"@type":"WebPage","@id":"https:\/\/smartshape.com\/fr\/mentions-legales\/","url":"https:\/\/smartshape.com\/fr\/mentions-legales\/","name":"Mentions l\u00e9gales | SmartShape","isPartOf":{"@id":"https:\/\/smartshape.com\/fr\/#website"},"primaryImageOfPage":{"@id":"https:\/\/smartshape.com\/fr\/mentions-legales\/#primaryimage"},"image":{"@id":"https:\/\/smartshape.com\/fr\/mentions-legales\/#primaryimage"},"thumbnailUrl":"https:\/\/smartshape.com\/wp-content\/uploads\/2023\/04\/shutterstock-2126941934-scaled.jpg","datePublished":"2022-05-20T09:57:13+00:00","dateModified":"2023-08-11T08:54:59+00:00","breadcrumb":{"@id":"https:\/\/smartshape.com\/fr\/mentions-legales\/#breadcrumb"},"inLanguage":"fr-FR","potentialAction":[{"@type":"ReadAction","target":["https:\/\/smartshape.com\/fr\/mentions-legales\/"]}]},{"@type":"ImageObject","inLanguage":"fr-FR","@id":"https:\/\/smartshape.com\/fr\/mentions-legales\/#primaryimage","url":"https:\/\/smartshape.com\/wp-content\/uploads\/2023\/04\/shutterstock-2126941934-scaled.jpg","contentUrl":"https:\/\/smartshape.com\/wp-content\/uploads\/2023\/04\/shutterstock-2126941934-scaled.jpg","width":2048,"height":827,"caption":"Mentions"},{"@type":"BreadcrumbList","@id":"https:\/\/smartshape.com\/fr\/mentions-legales\/#breadcrumb","itemListElement":[{"@type":"ListItem","position":1,"name":"Accueil","item":"https:\/\/smartshape.com\/fr\/"},{"@type":"ListItem","position":2,"name":"Mentions l\u00e9gales"}]},{"@type":"WebSite","@id":"https:\/\/smartshape.com\/fr\/#website","url":"https:\/\/smartshape.com\/fr\/","name":"SmartShape","description":"","potentialAction":[{"@type":"SearchAction","target":{"@type":"EntryPoint","urlTemplate":"https:\/\/smartshape.com\/fr\/?s={search_term_string}"},"query-input":{"@type":"PropertyValueSpecification","valueRequired":true,"valueName":"search_term_string"}}],"inLanguage":"fr-FR"}]}},"_links":{"self":[{"href":"https:\/\/smartshape.com\/fr\/wp-json\/wp\/v2\/pages\/187","targetHints":{"allow":["GET"]}}],"collection":[{"href":"https:\/\/smartshape.com\/fr\/wp-json\/wp\/v2\/pages"}],"about":[{"href":"https:\/\/smartshape.com\/fr\/wp-json\/wp\/v2\/types\/page"}],"author":[{"embeddable":true,"href":"https:\/\/smartshape.com\/fr\/wp-json\/wp\/v2\/users\/1"}],"replies":[{"embeddable":true,"href":"https:\/\/smartshape.com\/fr\/wp-json\/wp\/v2\/comments?post=187"}],"version-history":[{"count":3,"href":"https:\/\/smartshape.com\/fr\/wp-json\/wp\/v2\/pages\/187\/revisions"}],"predecessor-version":[{"id":2648,"href":"https:\/\/smartshape.com\/fr\/wp-json\/wp\/v2\/pages\/187\/revisions\/2648"}],"wp:featuredmedia":[{"embeddable":true,"href":"https:\/\/smartshape.com\/fr\/wp-json\/wp\/v2\/media\/1322"}],"wp:attachment":[{"href":"https:\/\/smartshape.com\/fr\/wp-json\/wp\/v2\/media?parent=187"}],"curies":[{"name":"wp","href":"https:\/\/api.w.org\/{rel}","templated":true}]}}