{"id":396,"date":"2023-03-06T16:49:04","date_gmt":"2023-03-06T15:49:04","guid":{"rendered":"https:\/\/smartshape.com\/?page_id=396"},"modified":"2023-09-27T17:54:44","modified_gmt":"2023-09-27T15:54:44","slug":"industries","status":"publish","type":"page","link":"https:\/\/smartshape.com\/fr\/industries\/","title":{"rendered":"Industries"},"content":{"rendered":"<h1>Projets d\u2019ing\u00e9nierie industrielle : SmartShape, votre alli\u00e9 <\/h1>\n<h2>Diffuser et partager l&rsquo;information dans des [[projets industriels complexes ]] <\/h2>\n<p>La mod\u00e9lisation 3D a r\u00e9volutionn\u00e9 la conception dans de nombreux secteurs d\u2019activit\u00e9s et constitue aujourd\u2019hui la colonne vert\u00e9brale de tous les projets industriels complexes. Celles et ceux qui prennent part \u00e0 ces aventures humaines et technologiques le savent : la difficult\u00e9 n\u2019est pas de produire l\u2019information mais de la diffuser et de la partager.<br \/>\nC\u2019est pour r\u00e9pondre \u00e0 cette probl\u00e9matique que nous avons d\u00e9velopp\u00e9 SmartShape.<br \/>\nSmartShape exploite la totalit\u00e9 des donn\u00e9es produites par les parties prenantes et les assemble au sein d\u2019un jumeau num\u00e9rique int\u00e9gr\u00e9 dans une plateforme collaborative en temps r\u00e9el.<\/p>\n<h2>[[La construction navale]] : un secteur qui a le vent en poupe. <\/h2>\n<p>La production navale est en hausse constante, avec un bond de 60% ces dix derni\u00e8res ann\u00e9es. En France, la construction de navires repr\u00e9sente un chiffre d\u2019affaires de 6,3 milliards d\u2019euros, g\u00e9n\u00e9r\u00e9 par plus de 4000 entreprises qui emploient environ 27 000 salari\u00e9s.\u00a0<br \/>\nEt la tendance ne s&rsquo;essouffle pas : les perspectives sont au beau fixe pour ce secteur port\u00e9 en France par deux leaders mondiaux : Naval Group et les Chantiers de l\u2019Atlantique.<br \/>\nSmartShape participe d\u00e9j\u00e0 \u00e0 cette \u00e9volution. Une dizaine de navires ont d\u00e9j\u00e0 \u00e9t\u00e9 construits avec la solution.<\/p>\n<h2>[[L\u2019a\u00e9rospatiale]] : une fili\u00e8re qui red\u00e9colle. <\/h2>\n<p>Le ciel s\u2019\u00e9claircit pour le secteur a\u00e9rospatial en France et en Europe, apr\u00e8s deux ann\u00e9es de crise sanitaire, pendant lesquelles l\u2019activit\u00e9 a \u00e9t\u00e9 fortement perturb\u00e9e. La fili\u00e8re a vu son chiffre d\u2019affaires fili\u00e8re diminuer de 32% en 2020, mais les 4500 entreprises qui la constituent ont r\u00e9sist\u00e9 et retrouvent aujourd\u2019hui le chemin de la croissance.\u00a0<br \/>\nCaract\u00e9ris\u00e9e par une dualit\u00e9 civil\/militaire, l\u2019a\u00e9ronautique et le spatial fran\u00e7ais ont r\u00e9alis\u00e9 un chiffre d\u2019affaires de 55,2 milliards d\u2019euros en 2021, propuls\u00e9 par les acteurs majeurs que sont Airbus, Dassault Aviation, Thal\u00e8s, Safran ou encore ArianeGroup.<br \/>\nPour donner vie \u00e0 toutes les innovations du secteur, la mod\u00e9lisation 3D joue un r\u00f4le d\u00e9terminant.<\/p>\n<h2>Les infrastructures de [[l&rsquo;\u00e9nergie et de l&rsquo;eau]]. <\/h2>\n<p>Relever les d\u00e9fis environnementaux du XXIe si\u00e8cle passe par l\u2019innovation dans la conception des infrastructures, notamment dans le secteur de l\u2019\u00e9nergie et de l\u2019eau.<\/p>\n","protected":false},"excerpt":{"rendered":"<p>Projets d\u2019ing\u00e9nierie industrielle : SmartShape, votre alli\u00e9 Diffuser et partager l&rsquo;information dans des [[projets industriels complexes ]] La mod\u00e9lisation 3D a r\u00e9volutionn\u00e9 la conception dans de nombreux secteurs d\u2019activit\u00e9s et constitue aujourd\u2019hui la colonne vert\u00e9brale de tous les projets industriels complexes. Celles et ceux qui prennent part \u00e0 ces aventures humaines et technologiques le savent [&hellip;]<\/p>\n","protected":false},"author":1,"featured_media":1009,"parent":0,"menu_order":0,"comment_status":"closed","ping_status":"closed","template":"","meta":{"_acf_changed":false,"footnotes":""},"class_list":["post-396","page","type-page","status-publish","has-post-thumbnail","hentry"],"acf":[],"yoast_head":"<!-- This site is optimized with the Yoast SEO plugin v27.4 - https:\/\/yoast.com\/product\/yoast-seo-wordpress\/ -->\n<title>Gestion de projet industriel, logiciel multi secteur | SmartShape<\/title>\n<meta name=\"description\" content=\"Acc\u00e9l\u00e9rez vos projets avec notre solution de conception, mod\u00e9lisation et simulation multi-secteur. R\u00e9volutionnez les domaines naval, a\u00e9rospatial et infrastructure.\" \/>\n<meta name=\"robots\" content=\"index, follow, max-snippet:-1, max-image-preview:large, max-video-preview:-1\" \/>\n<link rel=\"canonical\" href=\"https:\/\/smartshape.com\/fr\/industries\/\" \/>\n<meta property=\"og:locale\" content=\"fr_FR\" \/>\n<meta property=\"og:type\" content=\"article\" \/>\n<meta property=\"og:title\" content=\"Gestion de projet industriel, logiciel multi secteur | SmartShape\" \/>\n<meta property=\"og:description\" content=\"Acc\u00e9l\u00e9rez vos projets avec notre solution de conception, mod\u00e9lisation et simulation multi-secteur. R\u00e9volutionnez les domaines naval, a\u00e9rospatial et infrastructure.\" \/>\n<meta property=\"og:url\" content=\"https:\/\/smartshape.com\/fr\/industries\/\" \/>\n<meta property=\"og:site_name\" content=\"SmartShape\" \/>\n<meta property=\"article:modified_time\" content=\"2023-09-27T15:54:44+00:00\" \/>\n<meta property=\"og:image\" content=\"https:\/\/smartshape.com\/wp-content\/uploads\/2023\/04\/shutterstock-1936499776-scaled.jpg\" \/>\n\t<meta property=\"og:image:width\" content=\"2048\" \/>\n\t<meta property=\"og:image:height\" content=\"1152\" \/>\n\t<meta property=\"og:image:type\" content=\"image\/jpeg\" \/>\n<meta name=\"twitter:card\" content=\"summary_large_image\" \/>\n<meta name=\"twitter:label1\" content=\"Dur\u00e9e de lecture estim\u00e9e\" \/>\n\t<meta name=\"twitter:data1\" content=\"2 minutes\" \/>\n<script type=\"application\/ld+json\" class=\"yoast-schema-graph\">{\"@context\":\"https:\\\/\\\/schema.org\",\"@graph\":[{\"@type\":\"WebPage\",\"@id\":\"https:\\\/\\\/smartshape.com\\\/fr\\\/industries\\\/\",\"url\":\"https:\\\/\\\/smartshape.com\\\/fr\\\/industries\\\/\",\"name\":\"Gestion de projet industriel, logiciel multi secteur | SmartShape\",\"isPartOf\":{\"@id\":\"https:\\\/\\\/smartshape.com\\\/fr\\\/#website\"},\"primaryImageOfPage\":{\"@id\":\"https:\\\/\\\/smartshape.com\\\/fr\\\/industries\\\/#primaryimage\"},\"image\":{\"@id\":\"https:\\\/\\\/smartshape.com\\\/fr\\\/industries\\\/#primaryimage\"},\"thumbnailUrl\":\"https:\\\/\\\/smartshape.com\\\/wp-content\\\/uploads\\\/2023\\\/04\\\/shutterstock-1936499776-scaled.jpg\",\"datePublished\":\"2023-03-06T15:49:04+00:00\",\"dateModified\":\"2023-09-27T15:54:44+00:00\",\"description\":\"Acc\u00e9l\u00e9rez vos projets avec notre solution de conception, mod\u00e9lisation et simulation multi-secteur. R\u00e9volutionnez les domaines naval, a\u00e9rospatial et infrastructure.\",\"breadcrumb\":{\"@id\":\"https:\\\/\\\/smartshape.com\\\/fr\\\/industries\\\/#breadcrumb\"},\"inLanguage\":\"fr-FR\",\"potentialAction\":[{\"@type\":\"ReadAction\",\"target\":[\"https:\\\/\\\/smartshape.com\\\/fr\\\/industries\\\/\"]}]},{\"@type\":\"ImageObject\",\"inLanguage\":\"fr-FR\",\"@id\":\"https:\\\/\\\/smartshape.com\\\/fr\\\/industries\\\/#primaryimage\",\"url\":\"https:\\\/\\\/smartshape.com\\\/wp-content\\\/uploads\\\/2023\\\/04\\\/shutterstock-1936499776-scaled.jpg\",\"contentUrl\":\"https:\\\/\\\/smartshape.com\\\/wp-content\\\/uploads\\\/2023\\\/04\\\/shutterstock-1936499776-scaled.jpg\",\"width\":2048,\"height\":1152,\"caption\":\"shutterstock_1936499776\"},{\"@type\":\"BreadcrumbList\",\"@id\":\"https:\\\/\\\/smartshape.com\\\/fr\\\/industries\\\/#breadcrumb\",\"itemListElement\":[{\"@type\":\"ListItem\",\"position\":1,\"name\":\"Accueil\",\"item\":\"https:\\\/\\\/smartshape.com\\\/fr\\\/\"},{\"@type\":\"ListItem\",\"position\":2,\"name\":\"Industries\"}]},{\"@type\":\"WebSite\",\"@id\":\"https:\\\/\\\/smartshape.com\\\/fr\\\/#website\",\"url\":\"https:\\\/\\\/smartshape.com\\\/fr\\\/\",\"name\":\"SmartShape\",\"description\":\"\",\"potentialAction\":[{\"@type\":\"SearchAction\",\"target\":{\"@type\":\"EntryPoint\",\"urlTemplate\":\"https:\\\/\\\/smartshape.com\\\/fr\\\/?s={search_term_string}\"},\"query-input\":{\"@type\":\"PropertyValueSpecification\",\"valueRequired\":true,\"valueName\":\"search_term_string\"}}],\"inLanguage\":\"fr-FR\"}]}<\/script>\n<!-- \/ Yoast SEO plugin. -->","yoast_head_json":{"title":"Gestion de projet industriel, logiciel multi secteur | SmartShape","description":"Acc\u00e9l\u00e9rez vos projets avec notre solution de conception, mod\u00e9lisation et simulation multi-secteur. R\u00e9volutionnez les domaines naval, a\u00e9rospatial et infrastructure.","robots":{"index":"index","follow":"follow","max-snippet":"max-snippet:-1","max-image-preview":"max-image-preview:large","max-video-preview":"max-video-preview:-1"},"canonical":"https:\/\/smartshape.com\/fr\/industries\/","og_locale":"fr_FR","og_type":"article","og_title":"Gestion de projet industriel, logiciel multi secteur | SmartShape","og_description":"Acc\u00e9l\u00e9rez vos projets avec notre solution de conception, mod\u00e9lisation et simulation multi-secteur. R\u00e9volutionnez les domaines naval, a\u00e9rospatial et infrastructure.","og_url":"https:\/\/smartshape.com\/fr\/industries\/","og_site_name":"SmartShape","article_modified_time":"2023-09-27T15:54:44+00:00","og_image":[{"width":2048,"height":1152,"url":"https:\/\/smartshape.com\/wp-content\/uploads\/2023\/04\/shutterstock-1936499776-scaled.jpg","type":"image\/jpeg"}],"twitter_card":"summary_large_image","twitter_misc":{"Dur\u00e9e de lecture estim\u00e9e":"2 minutes"},"schema":{"@context":"https:\/\/schema.org","@graph":[{"@type":"WebPage","@id":"https:\/\/smartshape.com\/fr\/industries\/","url":"https:\/\/smartshape.com\/fr\/industries\/","name":"Gestion de projet industriel, logiciel multi secteur | SmartShape","isPartOf":{"@id":"https:\/\/smartshape.com\/fr\/#website"},"primaryImageOfPage":{"@id":"https:\/\/smartshape.com\/fr\/industries\/#primaryimage"},"image":{"@id":"https:\/\/smartshape.com\/fr\/industries\/#primaryimage"},"thumbnailUrl":"https:\/\/smartshape.com\/wp-content\/uploads\/2023\/04\/shutterstock-1936499776-scaled.jpg","datePublished":"2023-03-06T15:49:04+00:00","dateModified":"2023-09-27T15:54:44+00:00","description":"Acc\u00e9l\u00e9rez vos projets avec notre solution de conception, mod\u00e9lisation et simulation multi-secteur. R\u00e9volutionnez les domaines naval, a\u00e9rospatial et infrastructure.","breadcrumb":{"@id":"https:\/\/smartshape.com\/fr\/industries\/#breadcrumb"},"inLanguage":"fr-FR","potentialAction":[{"@type":"ReadAction","target":["https:\/\/smartshape.com\/fr\/industries\/"]}]},{"@type":"ImageObject","inLanguage":"fr-FR","@id":"https:\/\/smartshape.com\/fr\/industries\/#primaryimage","url":"https:\/\/smartshape.com\/wp-content\/uploads\/2023\/04\/shutterstock-1936499776-scaled.jpg","contentUrl":"https:\/\/smartshape.com\/wp-content\/uploads\/2023\/04\/shutterstock-1936499776-scaled.jpg","width":2048,"height":1152,"caption":"shutterstock_1936499776"},{"@type":"BreadcrumbList","@id":"https:\/\/smartshape.com\/fr\/industries\/#breadcrumb","itemListElement":[{"@type":"ListItem","position":1,"name":"Accueil","item":"https:\/\/smartshape.com\/fr\/"},{"@type":"ListItem","position":2,"name":"Industries"}]},{"@type":"WebSite","@id":"https:\/\/smartshape.com\/fr\/#website","url":"https:\/\/smartshape.com\/fr\/","name":"SmartShape","description":"","potentialAction":[{"@type":"SearchAction","target":{"@type":"EntryPoint","urlTemplate":"https:\/\/smartshape.com\/fr\/?s={search_term_string}"},"query-input":{"@type":"PropertyValueSpecification","valueRequired":true,"valueName":"search_term_string"}}],"inLanguage":"fr-FR"}]}},"_links":{"self":[{"href":"https:\/\/smartshape.com\/fr\/wp-json\/wp\/v2\/pages\/396","targetHints":{"allow":["GET"]}}],"collection":[{"href":"https:\/\/smartshape.com\/fr\/wp-json\/wp\/v2\/pages"}],"about":[{"href":"https:\/\/smartshape.com\/fr\/wp-json\/wp\/v2\/types\/page"}],"author":[{"embeddable":true,"href":"https:\/\/smartshape.com\/fr\/wp-json\/wp\/v2\/users\/1"}],"replies":[{"embeddable":true,"href":"https:\/\/smartshape.com\/fr\/wp-json\/wp\/v2\/comments?post=396"}],"version-history":[{"count":4,"href":"https:\/\/smartshape.com\/fr\/wp-json\/wp\/v2\/pages\/396\/revisions"}],"predecessor-version":[{"id":2870,"href":"https:\/\/smartshape.com\/fr\/wp-json\/wp\/v2\/pages\/396\/revisions\/2870"}],"wp:featuredmedia":[{"embeddable":true,"href":"https:\/\/smartshape.com\/fr\/wp-json\/wp\/v2\/media\/1009"}],"wp:attachment":[{"href":"https:\/\/smartshape.com\/fr\/wp-json\/wp\/v2\/media?parent=396"}],"curies":[{"name":"wp","href":"https:\/\/api.w.org\/{rel}","templated":true}]}}