{"id":400,"date":"2023-03-06T16:49:35","date_gmt":"2023-03-06T15:49:35","guid":{"rendered":"https:\/\/smartshape.com\/?page_id=400"},"modified":"2024-06-25T21:15:01","modified_gmt":"2024-06-25T19:15:01","slug":"aerospatiale","status":"publish","type":"page","link":"https:\/\/smartshape.com\/fr\/industries\/aerospatiale\/","title":{"rendered":"A\u00e9rospatiale"},"content":{"rendered":"<h1>Projets d\u2019[[ing\u00e9nierie a\u00e9rospatiale]] : SmartShape, votre alli\u00e9 <\/h1>\n<h2>[[La mod\u00e9lisation 3D]] au coeur de l\u2019ing\u00e9nierie a\u00e9rospatiale. <\/h2>\n<p>Les logiciels de conception assist\u00e9e par ordinateur (CAO), de mod\u00e9lisation 3D et de dessin assist\u00e9 par ordinateur (DAO) sont incontournables dans l\u2019ing\u00e9nierie a\u00e9rospatiale.\u00a0Ces outils sont utilis\u00e9s \u00e0 tous les stades de la construction d\u2019un a\u00e9ronef ou d\u2019un engin spatial :<br \/>\n&nbsp;<\/p>\n<h2>Les logiciels et formats de fichiers multiples. <\/h2>\n<p>Il existe un grand nombre de logiciels sur le march\u00e9, aussi nous citerons uniquement les plus utilis\u00e9s\u00a0: SharkCAD Pro, ADS (Aircraft Design Software), Cart 3D, OpenVSP (Vehicle Sketch Pad), CATIA, Solidworks, Solid Edge, NX, Inventor, PTC Creo, etc.<br \/>\nCette profusion d\u2019outils est le reflet d\u2019un march\u00e9 en pleine \u00e9bullition. Le revers de la m\u00e9daille est que les concepteurs doivent composer avec de nombreux formats de fichiers : OBJ, FBX, COLLADA, 3DS, IGES, STEP\u2026 Cette diversit\u00e9 produit m\u00e9caniquement de la complexit\u00e9 lorsqu\u2019il s\u2019agit de mettre en musique toutes les donn\u00e9es de conception d\u2019un projet a\u00e9rospatiale.<\/p>\n<h2>[[Le partage de l&rsquo;information et la collaboration entre \u00e9quipes :]] les turbulences de l\u2019ing\u00e9nierie a\u00e9rospatiale. <\/h2>\n<h2>Mesurez concr\u00e8tement les possibilit\u00e9s de SmartShape <\/h2>\n<p>Prenez rendez-vous avec nos experts pour obtenir une d\u00e9monstration de SmartShape adapt\u00e9e \u00e0 votre projet a\u00e9rospatial !<\/p>\n<h2>La promesse SmartShape : [[valoriser les donn\u00e9es massives et favoriser la collaboration]] entre les acteurs du projet. <\/h2>\n<p>SmartShape est une solution compl\u00e8te pour la gestion de vos projets a\u00e9rospatiales, permettant \u00e0 toutes les parties prenantes de travailler de mani\u00e8re collaborative sur un jumeau num\u00e9rique :<\/p>\n<h2>G\u00e9rer tout le cycle de vie de votre a\u00e9ronef <\/h2>\n<p>La construction d\u2019un a\u00e9ronef ne repr\u00e9sente qu\u2019une fraction de son co\u00fbt. C\u2019est est un actif dont l\u2019exploitation repr\u00e9sente 70 \u00e0 80% du co\u00fbt total. C\u2019est pourquoi SmartShape vous accompagne tout au long du cycle de vie de votre a\u00e9ronef, lors de sa conception et de sa r\u00e9alisation, mais aussi pendant toute la dur\u00e9e de son exploitation.<br \/>\nL\u2019outil est con\u00e7u pour r\u00e9pondre aux exigences\u00a0des professionnels intervenant sur la construction de l\u2019a\u00e9ronef. L\u2019exploitant peut aussi g\u00e9rer son actif en surveillant toutes les donn\u00e9es relatives \u00e0 l\u2019a\u00e9ronef.<\/p>\n<h2>Mesurez concr\u00e8tement les possibilit\u00e9s de SmartShape <\/h2>\n<p>Prenez rendez-vous avec nos experts pour obtenir une d\u00e9monstration de SmartShape adapt\u00e9e \u00e0 votre projet a\u00e9rospatial !<\/p>\n<h2>SmartShape : [[un jumeau num\u00e9rique auto-h\u00e9berg\u00e9 &#038; as a Service]] pour g\u00e9rer votre projet de construction a\u00e9rospatiale. <\/h2>\n<p>SmartShape est une solution compl\u00e8te pour la gestion de vos projets a\u00e9ronautiques et astronautiques, permettant \u00e0 toutes les parties prenantes de travailler de mani\u00e8re collaborative sur un jumeau num\u00e9rique :<\/p>\n","protected":false},"excerpt":{"rendered":"<p>Projets d\u2019[[ing\u00e9nierie a\u00e9rospatiale]] : SmartShape, votre alli\u00e9 [[La mod\u00e9lisation 3D]] au coeur de l\u2019ing\u00e9nierie a\u00e9rospatiale. Les logiciels de conception assist\u00e9e par ordinateur (CAO), de mod\u00e9lisation 3D et de dessin assist\u00e9 par ordinateur (DAO) sont incontournables dans l\u2019ing\u00e9nierie a\u00e9rospatiale.\u00a0Ces outils sont utilis\u00e9s \u00e0 tous les stades de la construction d\u2019un a\u00e9ronef ou d\u2019un engin spatial : [&hellip;]<\/p>\n","protected":false},"author":1,"featured_media":736,"parent":396,"menu_order":2,"comment_status":"closed","ping_status":"closed","template":"","meta":{"_acf_changed":false,"footnotes":""},"class_list":["post-400","page","type-page","status-publish","has-post-thumbnail","hentry"],"acf":[],"yoast_head":"<!-- This site is optimized with the Yoast SEO plugin v27.3 - https:\/\/yoast.com\/product\/yoast-seo-wordpress\/ -->\n<title>Logiciel A\u00e9rospatiale, conception, mod\u00e9lisation, simulation | SmartShape<\/title>\n<meta name=\"description\" content=\"Optimisez vos projets a\u00e9rospatiaux avec notre solution de pointe en conception, mod\u00e9lisation et simulation. Cliquez ici pour d\u00e9couvrir comment am\u00e9liorer votre efficacit\u00e9.\" \/>\n<meta name=\"robots\" content=\"index, follow, max-snippet:-1, max-image-preview:large, max-video-preview:-1\" \/>\n<link rel=\"canonical\" href=\"https:\/\/smartshape.com\/fr\/industries\/aerospatiale\/\" \/>\n<meta property=\"og:locale\" content=\"fr_FR\" \/>\n<meta property=\"og:type\" content=\"article\" \/>\n<meta property=\"og:title\" content=\"Logiciel A\u00e9rospatiale, conception, mod\u00e9lisation, simulation | SmartShape\" \/>\n<meta property=\"og:description\" content=\"Optimisez vos projets a\u00e9rospatiaux avec notre solution de pointe en conception, mod\u00e9lisation et simulation. Cliquez ici pour d\u00e9couvrir comment am\u00e9liorer votre efficacit\u00e9.\" \/>\n<meta property=\"og:url\" content=\"https:\/\/smartshape.com\/fr\/industries\/aerospatiale\/\" \/>\n<meta property=\"og:site_name\" content=\"SmartShape\" \/>\n<meta property=\"article:modified_time\" content=\"2024-06-25T19:15:01+00:00\" \/>\n<meta property=\"og:image\" content=\"https:\/\/smartshape.com\/wp-content\/uploads\/2023\/04\/aerospaciale.jpg\" \/>\n\t<meta property=\"og:image:width\" content=\"1366\" \/>\n\t<meta property=\"og:image:height\" content=\"579\" \/>\n\t<meta property=\"og:image:type\" content=\"image\/jpeg\" \/>\n<meta name=\"twitter:card\" content=\"summary_large_image\" \/>\n<meta name=\"twitter:label1\" content=\"Dur\u00e9e de lecture estim\u00e9e\" \/>\n\t<meta name=\"twitter:data1\" content=\"13 minutes\" \/>\n<script type=\"application\/ld+json\" class=\"yoast-schema-graph\">{\"@context\":\"https:\\\/\\\/schema.org\",\"@graph\":[{\"@type\":\"WebPage\",\"@id\":\"https:\\\/\\\/smartshape.com\\\/fr\\\/industries\\\/aerospatiale\\\/\",\"url\":\"https:\\\/\\\/smartshape.com\\\/fr\\\/industries\\\/aerospatiale\\\/\",\"name\":\"Logiciel A\u00e9rospatiale, conception, mod\u00e9lisation, simulation | SmartShape\",\"isPartOf\":{\"@id\":\"https:\\\/\\\/smartshape.com\\\/fr\\\/#website\"},\"primaryImageOfPage\":{\"@id\":\"https:\\\/\\\/smartshape.com\\\/fr\\\/industries\\\/aerospatiale\\\/#primaryimage\"},\"image\":{\"@id\":\"https:\\\/\\\/smartshape.com\\\/fr\\\/industries\\\/aerospatiale\\\/#primaryimage\"},\"thumbnailUrl\":\"https:\\\/\\\/smartshape.com\\\/wp-content\\\/uploads\\\/2023\\\/04\\\/aerospaciale.jpg\",\"datePublished\":\"2023-03-06T15:49:35+00:00\",\"dateModified\":\"2024-06-25T19:15:01+00:00\",\"description\":\"Optimisez vos projets a\u00e9rospatiaux avec notre solution de pointe en conception, mod\u00e9lisation et simulation. Cliquez ici pour d\u00e9couvrir comment am\u00e9liorer votre efficacit\u00e9.\",\"breadcrumb\":{\"@id\":\"https:\\\/\\\/smartshape.com\\\/fr\\\/industries\\\/aerospatiale\\\/#breadcrumb\"},\"inLanguage\":\"fr-FR\",\"potentialAction\":[{\"@type\":\"ReadAction\",\"target\":[\"https:\\\/\\\/smartshape.com\\\/fr\\\/industries\\\/aerospatiale\\\/\"]}]},{\"@type\":\"ImageObject\",\"inLanguage\":\"fr-FR\",\"@id\":\"https:\\\/\\\/smartshape.com\\\/fr\\\/industries\\\/aerospatiale\\\/#primaryimage\",\"url\":\"https:\\\/\\\/smartshape.com\\\/wp-content\\\/uploads\\\/2023\\\/04\\\/aerospaciale.jpg\",\"contentUrl\":\"https:\\\/\\\/smartshape.com\\\/wp-content\\\/uploads\\\/2023\\\/04\\\/aerospaciale.jpg\",\"width\":1366,\"height\":579,\"caption\":\"aerospaciale\"},{\"@type\":\"BreadcrumbList\",\"@id\":\"https:\\\/\\\/smartshape.com\\\/fr\\\/industries\\\/aerospatiale\\\/#breadcrumb\",\"itemListElement\":[{\"@type\":\"ListItem\",\"position\":1,\"name\":\"Accueil\",\"item\":\"https:\\\/\\\/smartshape.com\\\/fr\\\/\"},{\"@type\":\"ListItem\",\"position\":2,\"name\":\"Industries\",\"item\":\"https:\\\/\\\/smartshape.com\\\/fr\\\/industries\\\/\"},{\"@type\":\"ListItem\",\"position\":3,\"name\":\"A\u00e9rospatiale\"}]},{\"@type\":\"WebSite\",\"@id\":\"https:\\\/\\\/smartshape.com\\\/fr\\\/#website\",\"url\":\"https:\\\/\\\/smartshape.com\\\/fr\\\/\",\"name\":\"SmartShape\",\"description\":\"\",\"potentialAction\":[{\"@type\":\"SearchAction\",\"target\":{\"@type\":\"EntryPoint\",\"urlTemplate\":\"https:\\\/\\\/smartshape.com\\\/fr\\\/?s={search_term_string}\"},\"query-input\":{\"@type\":\"PropertyValueSpecification\",\"valueRequired\":true,\"valueName\":\"search_term_string\"}}],\"inLanguage\":\"fr-FR\"}]}<\/script>\n<!-- \/ Yoast SEO plugin. -->","yoast_head_json":{"title":"Logiciel A\u00e9rospatiale, conception, mod\u00e9lisation, simulation | SmartShape","description":"Optimisez vos projets a\u00e9rospatiaux avec notre solution de pointe en conception, mod\u00e9lisation et simulation. Cliquez ici pour d\u00e9couvrir comment am\u00e9liorer votre efficacit\u00e9.","robots":{"index":"index","follow":"follow","max-snippet":"max-snippet:-1","max-image-preview":"max-image-preview:large","max-video-preview":"max-video-preview:-1"},"canonical":"https:\/\/smartshape.com\/fr\/industries\/aerospatiale\/","og_locale":"fr_FR","og_type":"article","og_title":"Logiciel A\u00e9rospatiale, conception, mod\u00e9lisation, simulation | SmartShape","og_description":"Optimisez vos projets a\u00e9rospatiaux avec notre solution de pointe en conception, mod\u00e9lisation et simulation. Cliquez ici pour d\u00e9couvrir comment am\u00e9liorer votre efficacit\u00e9.","og_url":"https:\/\/smartshape.com\/fr\/industries\/aerospatiale\/","og_site_name":"SmartShape","article_modified_time":"2024-06-25T19:15:01+00:00","og_image":[{"width":1366,"height":579,"url":"https:\/\/smartshape.com\/wp-content\/uploads\/2023\/04\/aerospaciale.jpg","type":"image\/jpeg"}],"twitter_card":"summary_large_image","twitter_misc":{"Dur\u00e9e de lecture estim\u00e9e":"13 minutes"},"schema":{"@context":"https:\/\/schema.org","@graph":[{"@type":"WebPage","@id":"https:\/\/smartshape.com\/fr\/industries\/aerospatiale\/","url":"https:\/\/smartshape.com\/fr\/industries\/aerospatiale\/","name":"Logiciel A\u00e9rospatiale, conception, mod\u00e9lisation, simulation | SmartShape","isPartOf":{"@id":"https:\/\/smartshape.com\/fr\/#website"},"primaryImageOfPage":{"@id":"https:\/\/smartshape.com\/fr\/industries\/aerospatiale\/#primaryimage"},"image":{"@id":"https:\/\/smartshape.com\/fr\/industries\/aerospatiale\/#primaryimage"},"thumbnailUrl":"https:\/\/smartshape.com\/wp-content\/uploads\/2023\/04\/aerospaciale.jpg","datePublished":"2023-03-06T15:49:35+00:00","dateModified":"2024-06-25T19:15:01+00:00","description":"Optimisez vos projets a\u00e9rospatiaux avec notre solution de pointe en conception, mod\u00e9lisation et simulation. Cliquez ici pour d\u00e9couvrir comment am\u00e9liorer votre efficacit\u00e9.","breadcrumb":{"@id":"https:\/\/smartshape.com\/fr\/industries\/aerospatiale\/#breadcrumb"},"inLanguage":"fr-FR","potentialAction":[{"@type":"ReadAction","target":["https:\/\/smartshape.com\/fr\/industries\/aerospatiale\/"]}]},{"@type":"ImageObject","inLanguage":"fr-FR","@id":"https:\/\/smartshape.com\/fr\/industries\/aerospatiale\/#primaryimage","url":"https:\/\/smartshape.com\/wp-content\/uploads\/2023\/04\/aerospaciale.jpg","contentUrl":"https:\/\/smartshape.com\/wp-content\/uploads\/2023\/04\/aerospaciale.jpg","width":1366,"height":579,"caption":"aerospaciale"},{"@type":"BreadcrumbList","@id":"https:\/\/smartshape.com\/fr\/industries\/aerospatiale\/#breadcrumb","itemListElement":[{"@type":"ListItem","position":1,"name":"Accueil","item":"https:\/\/smartshape.com\/fr\/"},{"@type":"ListItem","position":2,"name":"Industries","item":"https:\/\/smartshape.com\/fr\/industries\/"},{"@type":"ListItem","position":3,"name":"A\u00e9rospatiale"}]},{"@type":"WebSite","@id":"https:\/\/smartshape.com\/fr\/#website","url":"https:\/\/smartshape.com\/fr\/","name":"SmartShape","description":"","potentialAction":[{"@type":"SearchAction","target":{"@type":"EntryPoint","urlTemplate":"https:\/\/smartshape.com\/fr\/?s={search_term_string}"},"query-input":{"@type":"PropertyValueSpecification","valueRequired":true,"valueName":"search_term_string"}}],"inLanguage":"fr-FR"}]}},"_links":{"self":[{"href":"https:\/\/smartshape.com\/fr\/wp-json\/wp\/v2\/pages\/400","targetHints":{"allow":["GET"]}}],"collection":[{"href":"https:\/\/smartshape.com\/fr\/wp-json\/wp\/v2\/pages"}],"about":[{"href":"https:\/\/smartshape.com\/fr\/wp-json\/wp\/v2\/types\/page"}],"author":[{"embeddable":true,"href":"https:\/\/smartshape.com\/fr\/wp-json\/wp\/v2\/users\/1"}],"replies":[{"embeddable":true,"href":"https:\/\/smartshape.com\/fr\/wp-json\/wp\/v2\/comments?post=400"}],"version-history":[{"count":5,"href":"https:\/\/smartshape.com\/fr\/wp-json\/wp\/v2\/pages\/400\/revisions"}],"predecessor-version":[{"id":3271,"href":"https:\/\/smartshape.com\/fr\/wp-json\/wp\/v2\/pages\/400\/revisions\/3271"}],"up":[{"embeddable":true,"href":"https:\/\/smartshape.com\/fr\/wp-json\/wp\/v2\/pages\/396"}],"wp:featuredmedia":[{"embeddable":true,"href":"https:\/\/smartshape.com\/fr\/wp-json\/wp\/v2\/media\/736"}],"wp:attachment":[{"href":"https:\/\/smartshape.com\/fr\/wp-json\/wp\/v2\/media?parent=400"}],"curies":[{"name":"wp","href":"https:\/\/api.w.org\/{rel}","templated":true}]}}