{"id":402,"date":"2023-03-06T16:50:00","date_gmt":"2023-03-06T15:50:00","guid":{"rendered":"https:\/\/smartshape.com\/?page_id=402"},"modified":"2024-06-25T21:15:33","modified_gmt":"2024-06-25T19:15:33","slug":"energie-et-infrastructure","status":"publish","type":"page","link":"https:\/\/smartshape.com\/fr\/industries\/energie-et-infrastructure\/","title":{"rendered":"Energie et Infrastructure"},"content":{"rendered":"<h1>[[Projets d\u2019ing\u00e9nierie infrastructure]] : SmartShape, votre alli\u00e9 <\/h1>\n<h2>Le secteur de la construction d&rsquo;infrastructures couvre [[un large \u00e9ventail d\u2019activit\u00e9s.]] <\/h2>\n<h2>[[La mod\u00e9lisation 3D]] au coeur des projets d\u2019infrastructure. <\/h2>\n<p>Les logiciels de conception assist\u00e9e par ordinateur (CAO), de mod\u00e9lisation 3D et de dessin assist\u00e9 par ordinateur (DAO) sont incontournables dans les projets d\u2019infrastructures. Ces m\u00e9thodes et outils sont regroup\u00e9s sous les acronymes AEC (Architecture, Engineering &amp; Construction) et BIM pour la mod\u00e9lisation des donn\u00e9es du b\u00e2timent.<br \/>\nCes maquettes num\u00e9riques 3D peuvent \u00eatre utilis\u00e9es pour :\u00a0<br \/>\n&nbsp;<\/p>\n<h2>Les logiciels et formats de fichiers multiples. <\/h2>\n<p>Il existe un grand nombre de logiciels BIM sur le march\u00e9, aussi nous citerons uniquement les plus utilis\u00e9s : AutoCAD, Civil 3D, MicroStation, Revit, Tekla Structures, ATGT TOPO3D (ex Aerotopo).<br \/>\nCette profusion d\u2019outils est le reflet d\u2019un march\u00e9 en pleine \u00e9bullition.\u00a0Le revers de la m\u00e9daille est que les concepteurs doivent composer avec de nombreux formats de fichiers : DWG, DGN, IFC\u2026Cette diversit\u00e9 produit m\u00e9caniquement de la complexit\u00e9 lorsqu\u2019il s\u2019agit de mettre en musique toutes les donn\u00e9es de conception d\u2019un projet d\u2019infrastructure.<\/p>\n<h2>Notre partenariat avec Suez\/Semeru <\/h2>\n<p>Retour sur la collaboration avec Suez\/Semeru !<\/p>\n<h2>[[Le partage de l&rsquo;information et la collaboration entre \u00e9quipes]] : le coeur du r\u00e9acteur des projets d\u2019infrastructures. <\/h2>\n<h2>[[La promesse SmartShape]] : valoriser les donn\u00e9es massives et favoriser la collaboration entre les acteurs du projet. <\/h2>\n<p>Le chantier sans document et sans papier pour partager toute l\u2019information<\/p>\n<h2>G\u00e9rer tout le cycle de vie de votre infrastructure <\/h2>\n<p>La construction d\u2019une infrastructure ne repr\u00e9sente qu\u2019une fraction de son co\u00fbt. C\u2019est est un actif dont l\u2019exploitation repr\u00e9sente 70 \u00e0 80% du co\u00fbt total. C\u2019est pourquoi SmartShape vous accompagne tout au long du cycle de vie de votre infrastructure, lors de sa conception et de sa r\u00e9alisation, mais aussi pendant toute la dur\u00e9e de son exploitation.<br \/>\nL\u2019outil est con\u00e7u pour r\u00e9pondre aux exigences des professionnels intervenant sur la construction de l\u2019infrastructure. L\u2019exploitant peut ausi g\u00e9rer son actif en surveillant toutes les donn\u00e9es relatives \u00e0 l\u2019infrastructure.<\/p>\n<h2>Mesurez concr\u00e8tement les possibilit\u00e9s de SmartShape <\/h2>\n<p>Prenez rendez-vous avec nos experts pour discuter des sp\u00e9cificit\u00e9s de SmartShape pour une mise en \u0153uvre maitris\u00e9e de votre projet d&rsquo;infrastructure !<\/p>\n<h2>SmartShape : un jumeau num\u00e9rique auto-h\u00e9berg\u00e9 &#038; as a Service pour[[ g\u00e9rer votre projet d\u2019infrastructure]]. <\/h2>\n<p>SmartShape est une solution compl\u00e8te pour la gestion de vos projets d\u2019infrastructure, permettant \u00e0 toutes les parties prenantes de travailler de mani\u00e8re collaborative sur un jumeau num\u00e9rique :<\/p>\n<h2>Focus sur la collaboration entre [[Smartshape et Suez\/Semeru]] <\/h2>\n<p>SmartShape et l\u2019entreprise Semeru (groupe Fayat), charg\u00e9 d\u2019assurer la maintenance et l\u2019am\u00e9lioration des \u00e9quipements industriels d\u2019exploitation du r\u00e9seau d\u2019assainissement parisien, ont collabor\u00e9 sur un projet de mod\u00e9lisation 3D des \u00e9gouts de la Ville de Paris.<br \/>\nLe mod\u00e8le cr\u00e9\u00e9 comporte une mod\u00e9lisation d\u2019une station d\u2019\u00e9puration, coupl\u00e9e \u00e0 une mod\u00e9lisation de plus de 400 km de r\u00e9seau d\u2019\u00e9gouts. Ce r\u00e9sultat a \u00e9t\u00e9 rendu possible par une vaste op\u00e9ration de scan 3D et de photogramm\u00e9trie r\u00e9alis\u00e9e par Semeru, et par l\u2019exploitation des donn\u00e9es acquises par SmartShape.<br \/>\nCette mod\u00e9lisation 3D des \u00e9gouts de Paris permet de r\u00e9aliser une visite virtuelle des ouvrages et de visualiser les \u00e9quipements en place et de se d\u00e9placer dans les collecteurs. Les \u00e9quipes de maintenance peuvent ainsi pr\u00e9parer leurs interventions sur site en toute s\u00e9curit\u00e9.<br \/>\nPour en savoir plus sur le processus d\u2019acquisition des donn\u00e9es dans le cadre de ce projet, consultez la vid\u00e9o ci-dessous :<\/p>\n","protected":false},"excerpt":{"rendered":"<p>[[Projets d\u2019ing\u00e9nierie infrastructure]] : SmartShape, votre alli\u00e9 Le secteur de la construction d&rsquo;infrastructures couvre [[un large \u00e9ventail d\u2019activit\u00e9s.]] [[La mod\u00e9lisation 3D]] au coeur des projets d\u2019infrastructure. Les logiciels de conception assist\u00e9e par ordinateur (CAO), de mod\u00e9lisation 3D et de dessin assist\u00e9 par ordinateur (DAO) sont incontournables dans les projets d\u2019infrastructures. Ces m\u00e9thodes et outils sont [&hellip;]<\/p>\n","protected":false},"author":1,"featured_media":719,"parent":396,"menu_order":3,"comment_status":"closed","ping_status":"closed","template":"","meta":{"_acf_changed":false,"footnotes":""},"class_list":["post-402","page","type-page","status-publish","has-post-thumbnail","hentry"],"acf":[],"yoast_head":"<!-- This site is optimized with the Yoast SEO plugin v27.3 - https:\/\/yoast.com\/product\/yoast-seo-wordpress\/ -->\n<title>Logiciel infrastructure, conception, construction et exploitation | SmartShape<\/title>\n<meta name=\"description\" content=\"Simplifiez la gestion compl\u00e8te de vos infrastructures avec notre solution int\u00e9gr\u00e9e de planification, conception, construction et exploitation.\" \/>\n<meta name=\"robots\" content=\"index, follow, max-snippet:-1, max-image-preview:large, max-video-preview:-1\" \/>\n<link rel=\"canonical\" href=\"https:\/\/smartshape.com\/fr\/industries\/energie-et-infrastructure\/\" \/>\n<meta property=\"og:locale\" content=\"fr_FR\" \/>\n<meta property=\"og:type\" content=\"article\" \/>\n<meta property=\"og:title\" content=\"Logiciel infrastructure, conception, construction et exploitation | SmartShape\" \/>\n<meta property=\"og:description\" content=\"Simplifiez la gestion compl\u00e8te de vos infrastructures avec notre solution int\u00e9gr\u00e9e de planification, conception, construction et exploitation.\" \/>\n<meta property=\"og:url\" content=\"https:\/\/smartshape.com\/fr\/industries\/energie-et-infrastructure\/\" \/>\n<meta property=\"og:site_name\" content=\"SmartShape\" \/>\n<meta property=\"article:modified_time\" content=\"2024-06-25T19:15:33+00:00\" \/>\n<meta property=\"og:image\" content=\"https:\/\/smartshape.com\/wp-content\/uploads\/2023\/04\/infrastructure.jpg\" \/>\n\t<meta property=\"og:image:width\" content=\"1366\" \/>\n\t<meta property=\"og:image:height\" content=\"579\" \/>\n\t<meta property=\"og:image:type\" content=\"image\/jpeg\" \/>\n<meta name=\"twitter:card\" content=\"summary_large_image\" \/>\n<meta name=\"twitter:label1\" content=\"Dur\u00e9e de lecture estim\u00e9e\" \/>\n\t<meta name=\"twitter:data1\" content=\"15 minutes\" \/>\n<script type=\"application\/ld+json\" class=\"yoast-schema-graph\">{\"@context\":\"https:\\\/\\\/schema.org\",\"@graph\":[{\"@type\":\"WebPage\",\"@id\":\"https:\\\/\\\/smartshape.com\\\/fr\\\/industries\\\/energie-et-infrastructure\\\/\",\"url\":\"https:\\\/\\\/smartshape.com\\\/fr\\\/industries\\\/energie-et-infrastructure\\\/\",\"name\":\"Logiciel infrastructure, conception, construction et exploitation | SmartShape\",\"isPartOf\":{\"@id\":\"https:\\\/\\\/smartshape.com\\\/fr\\\/#website\"},\"primaryImageOfPage\":{\"@id\":\"https:\\\/\\\/smartshape.com\\\/fr\\\/industries\\\/energie-et-infrastructure\\\/#primaryimage\"},\"image\":{\"@id\":\"https:\\\/\\\/smartshape.com\\\/fr\\\/industries\\\/energie-et-infrastructure\\\/#primaryimage\"},\"thumbnailUrl\":\"https:\\\/\\\/smartshape.com\\\/wp-content\\\/uploads\\\/2023\\\/04\\\/infrastructure.jpg\",\"datePublished\":\"2023-03-06T15:50:00+00:00\",\"dateModified\":\"2024-06-25T19:15:33+00:00\",\"description\":\"Simplifiez la gestion compl\u00e8te de vos infrastructures avec notre solution int\u00e9gr\u00e9e de planification, conception, construction et exploitation.\",\"breadcrumb\":{\"@id\":\"https:\\\/\\\/smartshape.com\\\/fr\\\/industries\\\/energie-et-infrastructure\\\/#breadcrumb\"},\"inLanguage\":\"fr-FR\",\"potentialAction\":[{\"@type\":\"ReadAction\",\"target\":[\"https:\\\/\\\/smartshape.com\\\/fr\\\/industries\\\/energie-et-infrastructure\\\/\"]}]},{\"@type\":\"ImageObject\",\"inLanguage\":\"fr-FR\",\"@id\":\"https:\\\/\\\/smartshape.com\\\/fr\\\/industries\\\/energie-et-infrastructure\\\/#primaryimage\",\"url\":\"https:\\\/\\\/smartshape.com\\\/wp-content\\\/uploads\\\/2023\\\/04\\\/infrastructure.jpg\",\"contentUrl\":\"https:\\\/\\\/smartshape.com\\\/wp-content\\\/uploads\\\/2023\\\/04\\\/infrastructure.jpg\",\"width\":1366,\"height\":579,\"caption\":\"Infrastructure\"},{\"@type\":\"BreadcrumbList\",\"@id\":\"https:\\\/\\\/smartshape.com\\\/fr\\\/industries\\\/energie-et-infrastructure\\\/#breadcrumb\",\"itemListElement\":[{\"@type\":\"ListItem\",\"position\":1,\"name\":\"Accueil\",\"item\":\"https:\\\/\\\/smartshape.com\\\/fr\\\/\"},{\"@type\":\"ListItem\",\"position\":2,\"name\":\"Industries\",\"item\":\"https:\\\/\\\/smartshape.com\\\/fr\\\/industries\\\/\"},{\"@type\":\"ListItem\",\"position\":3,\"name\":\"Energie et Infrastructure\"}]},{\"@type\":\"WebSite\",\"@id\":\"https:\\\/\\\/smartshape.com\\\/fr\\\/#website\",\"url\":\"https:\\\/\\\/smartshape.com\\\/fr\\\/\",\"name\":\"SmartShape\",\"description\":\"\",\"potentialAction\":[{\"@type\":\"SearchAction\",\"target\":{\"@type\":\"EntryPoint\",\"urlTemplate\":\"https:\\\/\\\/smartshape.com\\\/fr\\\/?s={search_term_string}\"},\"query-input\":{\"@type\":\"PropertyValueSpecification\",\"valueRequired\":true,\"valueName\":\"search_term_string\"}}],\"inLanguage\":\"fr-FR\"}]}<\/script>\n<!-- \/ Yoast SEO plugin. -->","yoast_head_json":{"title":"Logiciel infrastructure, conception, construction et exploitation | SmartShape","description":"Simplifiez la gestion compl\u00e8te de vos infrastructures avec notre solution int\u00e9gr\u00e9e de planification, conception, construction et exploitation.","robots":{"index":"index","follow":"follow","max-snippet":"max-snippet:-1","max-image-preview":"max-image-preview:large","max-video-preview":"max-video-preview:-1"},"canonical":"https:\/\/smartshape.com\/fr\/industries\/energie-et-infrastructure\/","og_locale":"fr_FR","og_type":"article","og_title":"Logiciel infrastructure, conception, construction et exploitation | SmartShape","og_description":"Simplifiez la gestion compl\u00e8te de vos infrastructures avec notre solution int\u00e9gr\u00e9e de planification, conception, construction et exploitation.","og_url":"https:\/\/smartshape.com\/fr\/industries\/energie-et-infrastructure\/","og_site_name":"SmartShape","article_modified_time":"2024-06-25T19:15:33+00:00","og_image":[{"width":1366,"height":579,"url":"https:\/\/smartshape.com\/wp-content\/uploads\/2023\/04\/infrastructure.jpg","type":"image\/jpeg"}],"twitter_card":"summary_large_image","twitter_misc":{"Dur\u00e9e de lecture estim\u00e9e":"15 minutes"},"schema":{"@context":"https:\/\/schema.org","@graph":[{"@type":"WebPage","@id":"https:\/\/smartshape.com\/fr\/industries\/energie-et-infrastructure\/","url":"https:\/\/smartshape.com\/fr\/industries\/energie-et-infrastructure\/","name":"Logiciel infrastructure, conception, construction et exploitation | SmartShape","isPartOf":{"@id":"https:\/\/smartshape.com\/fr\/#website"},"primaryImageOfPage":{"@id":"https:\/\/smartshape.com\/fr\/industries\/energie-et-infrastructure\/#primaryimage"},"image":{"@id":"https:\/\/smartshape.com\/fr\/industries\/energie-et-infrastructure\/#primaryimage"},"thumbnailUrl":"https:\/\/smartshape.com\/wp-content\/uploads\/2023\/04\/infrastructure.jpg","datePublished":"2023-03-06T15:50:00+00:00","dateModified":"2024-06-25T19:15:33+00:00","description":"Simplifiez la gestion compl\u00e8te de vos infrastructures avec notre solution int\u00e9gr\u00e9e de planification, conception, construction et exploitation.","breadcrumb":{"@id":"https:\/\/smartshape.com\/fr\/industries\/energie-et-infrastructure\/#breadcrumb"},"inLanguage":"fr-FR","potentialAction":[{"@type":"ReadAction","target":["https:\/\/smartshape.com\/fr\/industries\/energie-et-infrastructure\/"]}]},{"@type":"ImageObject","inLanguage":"fr-FR","@id":"https:\/\/smartshape.com\/fr\/industries\/energie-et-infrastructure\/#primaryimage","url":"https:\/\/smartshape.com\/wp-content\/uploads\/2023\/04\/infrastructure.jpg","contentUrl":"https:\/\/smartshape.com\/wp-content\/uploads\/2023\/04\/infrastructure.jpg","width":1366,"height":579,"caption":"Infrastructure"},{"@type":"BreadcrumbList","@id":"https:\/\/smartshape.com\/fr\/industries\/energie-et-infrastructure\/#breadcrumb","itemListElement":[{"@type":"ListItem","position":1,"name":"Accueil","item":"https:\/\/smartshape.com\/fr\/"},{"@type":"ListItem","position":2,"name":"Industries","item":"https:\/\/smartshape.com\/fr\/industries\/"},{"@type":"ListItem","position":3,"name":"Energie et Infrastructure"}]},{"@type":"WebSite","@id":"https:\/\/smartshape.com\/fr\/#website","url":"https:\/\/smartshape.com\/fr\/","name":"SmartShape","description":"","potentialAction":[{"@type":"SearchAction","target":{"@type":"EntryPoint","urlTemplate":"https:\/\/smartshape.com\/fr\/?s={search_term_string}"},"query-input":{"@type":"PropertyValueSpecification","valueRequired":true,"valueName":"search_term_string"}}],"inLanguage":"fr-FR"}]}},"_links":{"self":[{"href":"https:\/\/smartshape.com\/fr\/wp-json\/wp\/v2\/pages\/402","targetHints":{"allow":["GET"]}}],"collection":[{"href":"https:\/\/smartshape.com\/fr\/wp-json\/wp\/v2\/pages"}],"about":[{"href":"https:\/\/smartshape.com\/fr\/wp-json\/wp\/v2\/types\/page"}],"author":[{"embeddable":true,"href":"https:\/\/smartshape.com\/fr\/wp-json\/wp\/v2\/users\/1"}],"replies":[{"embeddable":true,"href":"https:\/\/smartshape.com\/fr\/wp-json\/wp\/v2\/comments?post=402"}],"version-history":[{"count":4,"href":"https:\/\/smartshape.com\/fr\/wp-json\/wp\/v2\/pages\/402\/revisions"}],"predecessor-version":[{"id":3273,"href":"https:\/\/smartshape.com\/fr\/wp-json\/wp\/v2\/pages\/402\/revisions\/3273"}],"up":[{"embeddable":true,"href":"https:\/\/smartshape.com\/fr\/wp-json\/wp\/v2\/pages\/396"}],"wp:featuredmedia":[{"embeddable":true,"href":"https:\/\/smartshape.com\/fr\/wp-json\/wp\/v2\/media\/719"}],"wp:attachment":[{"href":"https:\/\/smartshape.com\/fr\/wp-json\/wp\/v2\/media?parent=402"}],"curies":[{"name":"wp","href":"https:\/\/api.w.org\/{rel}","templated":true}]}}