{"id":483,"date":"2023-03-29T11:09:20","date_gmt":"2023-03-29T09:09:20","guid":{"rendered":"https:\/\/smartshape.com\/?page_id=483"},"modified":"2023-09-21T15:12:18","modified_gmt":"2023-09-21T13:12:18","slug":"a-propos","status":"publish","type":"page","link":"https:\/\/smartshape.com\/fr\/a-propos\/","title":{"rendered":"A propos"},"content":{"rendered":"<h1>A propos <\/h1>\n<h2>Notre mission : aider les entreprises industrielles \u00e0 [[relever les d\u00e9fis humains et technologiques.]] <\/h2>\n<p>La gestion de projet d&rsquo;ing\u00e9nierie fait face \u00e0 deux probl\u00e8mes complexes : la valorisation de l\u2019information et la collaboration entre les \u00e9quipes. Nous sommes convaincus de la primaut\u00e9 de ces d\u00e9fis pour les industries civiles et de d\u00e9fense, dont les ressources peuvent et doivent \u00eatre optimis\u00e9es au quotidien.<br \/>\nSmartShape apporte une solution \u00e9l\u00e9gante aux industries pour les aider \u00e0 concevoir, r\u00e9aliser et exploiter leurs projets dans un jumeau num\u00e9rique 3D h\u00e9berg\u00e9 sur une plateforme collaborative.<\/p>\n<h2>Qui sommes-nous ? <\/h2>\n<p>SmartShape est une \u00e9quipe de personnes pour qui l\u2019intelligence humaine et le pragmatisme forment la cl\u00e9 de vo\u00fbte de tout projet d\u2019ing\u00e9nierie.<br \/>\nL\u2019origine de SmartShape est un projet nomm\u00e9 Aerys, fond\u00e9 en 2010 par Jean-Marc Le Roux \u00e0 l\u2019issue de ses \u00e9tudes d\u2019ing\u00e9nieur. Tout a commenc\u00e9 par la combinaison de deux passions, le dessin et les math\u00e9matiques :<br \/>\n\u201cJ\u2019ai con\u00e7u un premier moteur 3D lorsque j\u2019\u00e9tais en pr\u00e9pa Math Sup Maths Sp\u00e9. Un peu plus tard, au lieu de conclure ma formation d\u2019ing\u00e9nieur par un stage de fin d\u2019\u00e9tude, j\u2019ai voulu concr\u00e9tiser ce projet, et je l\u2019ai fait en cr\u00e9ant Aerys avec deux amis\u201d.<\/p>\n<h2>Nos [[valeurs]]. <\/h2>\n<p>&nbsp;<br \/>\nCon\u00e7u en open source, cet outil permettant de d\u00e9velopper des applications 3D a d\u2019abord \u00e9t\u00e9 dirig\u00e9 vers les secteurs du jeu vid\u00e9o et de la publicit\u00e9. Mais Jean-Marc Le Roux a cherch\u00e9 \u00e0 aligner son aventure entrepreneuriale avec ses convictions personnelles :<br \/>\n&nbsp;<\/p>\n<p>\u201cMon app\u00e9tence pour le progr\u00e8s m\u2019a dirig\u00e9 vers mes premiers clients industriels, dont les retours ont \u00e9t\u00e9 d\u00e9terminants pour la suite : pour concevoir un outil v\u00e9ritablement utile, nous ne pouvions pas nous contenter de faire un visionneur 3D. Il fallait y int\u00e9grer toutes les donn\u00e9es du projet. C\u2019est comme \u00e7a qu\u2019est n\u00e9e l\u2019id\u00e9e de SmartShape.\u201d<\/p>\n<h2>Notre [[vision]]. <\/h2>\n<p>Privil\u00e9giant la notion de progr\u00e8s \u00e0 celle d\u2019innovation, nous sommes engag\u00e9s dans une d\u00e9marche d\u2019am\u00e9lioration continue de SmartShape.<br \/>\nNotre horizon est le long terme.<br \/>\nNotre leitmotiv est de servir l\u2019humanit\u00e9 en participant \u00e0 la construction de syst\u00e8mes et d\u2019objets durables. Nous prenons notre part de responsabilit\u00e9 en aidant les industries \u00e0 relever les d\u00e9fis de notre temps.<\/p>\n","protected":false},"excerpt":{"rendered":"<p>A propos Notre mission : aider les entreprises industrielles \u00e0 [[relever les d\u00e9fis humains et technologiques.]] La gestion de projet d&rsquo;ing\u00e9nierie fait face \u00e0 deux probl\u00e8mes complexes : la valorisation de l\u2019information et la collaboration entre les \u00e9quipes. Nous sommes convaincus de la primaut\u00e9 de ces d\u00e9fis pour les industries civiles et de d\u00e9fense, dont [&hellip;]<\/p>\n","protected":false},"author":1,"featured_media":1023,"parent":0,"menu_order":0,"comment_status":"closed","ping_status":"closed","template":"","meta":{"_acf_changed":false,"footnotes":""},"class_list":["post-483","page","type-page","status-publish","has-post-thumbnail","hentry"],"acf":[],"yoast_head":"<!-- This site is optimized with the Yoast SEO plugin v27.4 - https:\/\/yoast.com\/product\/yoast-seo-wordpress\/ -->\n<title>A propos | SmartShape<\/title>\n<meta name=\"description\" content=\"Tout savoir \u00e0 propos de SmartShape, nos missions, nos valeurs et notre vision.\" \/>\n<meta name=\"robots\" content=\"index, follow, max-snippet:-1, max-image-preview:large, max-video-preview:-1\" \/>\n<link rel=\"canonical\" href=\"https:\/\/smartshape.com\/fr\/a-propos\/\" \/>\n<meta property=\"og:locale\" content=\"fr_FR\" \/>\n<meta property=\"og:type\" content=\"article\" \/>\n<meta property=\"og:title\" content=\"A propos | SmartShape\" \/>\n<meta property=\"og:description\" content=\"Tout savoir \u00e0 propos de SmartShape, nos missions, nos valeurs et notre vision.\" \/>\n<meta property=\"og:url\" content=\"https:\/\/smartshape.com\/fr\/a-propos\/\" \/>\n<meta property=\"og:site_name\" content=\"SmartShape\" \/>\n<meta property=\"article:modified_time\" content=\"2023-09-21T13:12:18+00:00\" \/>\n<meta property=\"og:image\" content=\"https:\/\/smartshape.com\/wp-content\/uploads\/2023\/04\/shutterstock-1906367683-scaled.jpg\" \/>\n\t<meta property=\"og:image:width\" content=\"2048\" \/>\n\t<meta property=\"og:image:height\" content=\"1365\" \/>\n\t<meta property=\"og:image:type\" content=\"image\/jpeg\" \/>\n<meta name=\"twitter:card\" content=\"summary_large_image\" \/>\n<meta name=\"twitter:label1\" content=\"Dur\u00e9e de lecture estim\u00e9e\" \/>\n\t<meta name=\"twitter:data1\" content=\"2 minutes\" \/>\n<script type=\"application\/ld+json\" class=\"yoast-schema-graph\">{\"@context\":\"https:\\\/\\\/schema.org\",\"@graph\":[{\"@type\":\"WebPage\",\"@id\":\"https:\\\/\\\/smartshape.com\\\/fr\\\/a-propos\\\/\",\"url\":\"https:\\\/\\\/smartshape.com\\\/fr\\\/a-propos\\\/\",\"name\":\"A propos | SmartShape\",\"isPartOf\":{\"@id\":\"https:\\\/\\\/smartshape.com\\\/fr\\\/#website\"},\"primaryImageOfPage\":{\"@id\":\"https:\\\/\\\/smartshape.com\\\/fr\\\/a-propos\\\/#primaryimage\"},\"image\":{\"@id\":\"https:\\\/\\\/smartshape.com\\\/fr\\\/a-propos\\\/#primaryimage\"},\"thumbnailUrl\":\"https:\\\/\\\/smartshape.com\\\/wp-content\\\/uploads\\\/2023\\\/04\\\/shutterstock-1906367683-scaled.jpg\",\"datePublished\":\"2023-03-29T09:09:20+00:00\",\"dateModified\":\"2023-09-21T13:12:18+00:00\",\"description\":\"Tout savoir \u00e0 propos de SmartShape, nos missions, nos valeurs et notre vision.\",\"breadcrumb\":{\"@id\":\"https:\\\/\\\/smartshape.com\\\/fr\\\/a-propos\\\/#breadcrumb\"},\"inLanguage\":\"fr-FR\",\"potentialAction\":[{\"@type\":\"ReadAction\",\"target\":[\"https:\\\/\\\/smartshape.com\\\/fr\\\/a-propos\\\/\"]}]},{\"@type\":\"ImageObject\",\"inLanguage\":\"fr-FR\",\"@id\":\"https:\\\/\\\/smartshape.com\\\/fr\\\/a-propos\\\/#primaryimage\",\"url\":\"https:\\\/\\\/smartshape.com\\\/wp-content\\\/uploads\\\/2023\\\/04\\\/shutterstock-1906367683-scaled.jpg\",\"contentUrl\":\"https:\\\/\\\/smartshape.com\\\/wp-content\\\/uploads\\\/2023\\\/04\\\/shutterstock-1906367683-scaled.jpg\",\"width\":2048,\"height\":1365,\"caption\":\"shutterstock_1906367683\"},{\"@type\":\"BreadcrumbList\",\"@id\":\"https:\\\/\\\/smartshape.com\\\/fr\\\/a-propos\\\/#breadcrumb\",\"itemListElement\":[{\"@type\":\"ListItem\",\"position\":1,\"name\":\"Accueil\",\"item\":\"https:\\\/\\\/smartshape.com\\\/fr\\\/\"},{\"@type\":\"ListItem\",\"position\":2,\"name\":\"A propos\"}]},{\"@type\":\"WebSite\",\"@id\":\"https:\\\/\\\/smartshape.com\\\/fr\\\/#website\",\"url\":\"https:\\\/\\\/smartshape.com\\\/fr\\\/\",\"name\":\"SmartShape\",\"description\":\"\",\"potentialAction\":[{\"@type\":\"SearchAction\",\"target\":{\"@type\":\"EntryPoint\",\"urlTemplate\":\"https:\\\/\\\/smartshape.com\\\/fr\\\/?s={search_term_string}\"},\"query-input\":{\"@type\":\"PropertyValueSpecification\",\"valueRequired\":true,\"valueName\":\"search_term_string\"}}],\"inLanguage\":\"fr-FR\"}]}<\/script>\n<!-- \/ Yoast SEO plugin. -->","yoast_head_json":{"title":"A propos | SmartShape","description":"Tout savoir \u00e0 propos de SmartShape, nos missions, nos valeurs et notre vision.","robots":{"index":"index","follow":"follow","max-snippet":"max-snippet:-1","max-image-preview":"max-image-preview:large","max-video-preview":"max-video-preview:-1"},"canonical":"https:\/\/smartshape.com\/fr\/a-propos\/","og_locale":"fr_FR","og_type":"article","og_title":"A propos | SmartShape","og_description":"Tout savoir \u00e0 propos de SmartShape, nos missions, nos valeurs et notre vision.","og_url":"https:\/\/smartshape.com\/fr\/a-propos\/","og_site_name":"SmartShape","article_modified_time":"2023-09-21T13:12:18+00:00","og_image":[{"width":2048,"height":1365,"url":"https:\/\/smartshape.com\/wp-content\/uploads\/2023\/04\/shutterstock-1906367683-scaled.jpg","type":"image\/jpeg"}],"twitter_card":"summary_large_image","twitter_misc":{"Dur\u00e9e de lecture estim\u00e9e":"2 minutes"},"schema":{"@context":"https:\/\/schema.org","@graph":[{"@type":"WebPage","@id":"https:\/\/smartshape.com\/fr\/a-propos\/","url":"https:\/\/smartshape.com\/fr\/a-propos\/","name":"A propos | SmartShape","isPartOf":{"@id":"https:\/\/smartshape.com\/fr\/#website"},"primaryImageOfPage":{"@id":"https:\/\/smartshape.com\/fr\/a-propos\/#primaryimage"},"image":{"@id":"https:\/\/smartshape.com\/fr\/a-propos\/#primaryimage"},"thumbnailUrl":"https:\/\/smartshape.com\/wp-content\/uploads\/2023\/04\/shutterstock-1906367683-scaled.jpg","datePublished":"2023-03-29T09:09:20+00:00","dateModified":"2023-09-21T13:12:18+00:00","description":"Tout savoir \u00e0 propos de SmartShape, nos missions, nos valeurs et notre vision.","breadcrumb":{"@id":"https:\/\/smartshape.com\/fr\/a-propos\/#breadcrumb"},"inLanguage":"fr-FR","potentialAction":[{"@type":"ReadAction","target":["https:\/\/smartshape.com\/fr\/a-propos\/"]}]},{"@type":"ImageObject","inLanguage":"fr-FR","@id":"https:\/\/smartshape.com\/fr\/a-propos\/#primaryimage","url":"https:\/\/smartshape.com\/wp-content\/uploads\/2023\/04\/shutterstock-1906367683-scaled.jpg","contentUrl":"https:\/\/smartshape.com\/wp-content\/uploads\/2023\/04\/shutterstock-1906367683-scaled.jpg","width":2048,"height":1365,"caption":"shutterstock_1906367683"},{"@type":"BreadcrumbList","@id":"https:\/\/smartshape.com\/fr\/a-propos\/#breadcrumb","itemListElement":[{"@type":"ListItem","position":1,"name":"Accueil","item":"https:\/\/smartshape.com\/fr\/"},{"@type":"ListItem","position":2,"name":"A propos"}]},{"@type":"WebSite","@id":"https:\/\/smartshape.com\/fr\/#website","url":"https:\/\/smartshape.com\/fr\/","name":"SmartShape","description":"","potentialAction":[{"@type":"SearchAction","target":{"@type":"EntryPoint","urlTemplate":"https:\/\/smartshape.com\/fr\/?s={search_term_string}"},"query-input":{"@type":"PropertyValueSpecification","valueRequired":true,"valueName":"search_term_string"}}],"inLanguage":"fr-FR"}]}},"_links":{"self":[{"href":"https:\/\/smartshape.com\/fr\/wp-json\/wp\/v2\/pages\/483","targetHints":{"allow":["GET"]}}],"collection":[{"href":"https:\/\/smartshape.com\/fr\/wp-json\/wp\/v2\/pages"}],"about":[{"href":"https:\/\/smartshape.com\/fr\/wp-json\/wp\/v2\/types\/page"}],"author":[{"embeddable":true,"href":"https:\/\/smartshape.com\/fr\/wp-json\/wp\/v2\/users\/1"}],"replies":[{"embeddable":true,"href":"https:\/\/smartshape.com\/fr\/wp-json\/wp\/v2\/comments?post=483"}],"version-history":[{"count":3,"href":"https:\/\/smartshape.com\/fr\/wp-json\/wp\/v2\/pages\/483\/revisions"}],"predecessor-version":[{"id":2858,"href":"https:\/\/smartshape.com\/fr\/wp-json\/wp\/v2\/pages\/483\/revisions\/2858"}],"wp:featuredmedia":[{"embeddable":true,"href":"https:\/\/smartshape.com\/fr\/wp-json\/wp\/v2\/media\/1023"}],"wp:attachment":[{"href":"https:\/\/smartshape.com\/fr\/wp-json\/wp\/v2\/media?parent=483"}],"curies":[{"name":"wp","href":"https:\/\/api.w.org\/{rel}","templated":true}]}}