{"id":489,"date":"2023-03-29T11:11:20","date_gmt":"2023-03-29T09:11:20","guid":{"rendered":"https:\/\/smartshape.com\/?page_id=489"},"modified":"2024-06-26T10:31:57","modified_gmt":"2024-06-26T08:31:57","slug":"smartshape","status":"publish","type":"page","link":"https:\/\/smartshape.com\/fr\/smartshape\/","title":{"rendered":"SmartShape"},"content":{"rendered":"<h1>SmartShape <\/h1>\n<p>La r\u00e9ponse \u00e0 la complexit\u00e9 de la gestion de l\u2019information au c\u0153ur des m\u00e9gaprojets d\u2019ing\u00e9nierie.<\/p>\n<h2>La [[gestion de l&rsquo;information]] dans les projets industriels complexes. <\/h2>\n<p>Les deux enjeux majeurs du traitement de la donn\u00e9e<br \/>\n&nbsp;<\/p>\n<h2>[[SmartShape]] en images <\/h2>\n<p>SmartShape valorise l\u2019intelligence collective en simplifiant la diffusion des informations et mettant \u00e0 disposition des parties prenantes un outil permettant de centraliser toutes leurs interactions sur un mod\u00e8le 3D collaboratif.<\/p>\n<h2>Un jumeau num\u00e9rique complet <\/h2>\n<p>SmartShape met \u00e0 disposition de vos \u00e9quipes un outil collaboratif prenant la forme d\u2019une repr\u00e9sentation bidimensionnelle ou tridimensionnelle de votre projet.<\/p>\n<h2>Les donn\u00e9es disponibles pendant toute la dur\u00e9e de vie du projet <\/h2>\n<p>SmartShape exploite et valorise les donn\u00e9es produites par les diff\u00e9rentes \u00e9quipes : bases de donn\u00e9es propri\u00e9taires, logiciels m\u00e9tiers (ERP, PDM, PLM), logiciels de CAO et de DAO, etc&#8230; Toutes ces donn\u00e9es, int\u00e9gr\u00e9es dans Smartshape, s&rsquo;actualisent en temps r\u00e9el et sont enrichies par les \u00e9quipes au fur et \u00e0 mesure de l\u2019avancement du projet.<\/p>\n<h2>Les d\u00e9fis de la gestion de [[m\u00e9gaprojets d\u2019ing\u00e9nierie]]. <\/h2>\n<h2>Naviguer dans l\u2019oc\u00e9an du big data  <\/h2>\n<p>Le volume de donn\u00e9es dans un projet industriel complexe est \u00e9norme. Les donn\u00e9es sont fragment\u00e9es, de qualit\u00e9 variable, et dispers\u00e9es dans de nombreux fichiers dans les syst\u00e8mes d&rsquo;information des acteurs du projet.<br \/>\nLa vari\u00e9t\u00e9 des syst\u00e8mes et des logiciels utilis\u00e9s, ainsi que la diversit\u00e9 des formats de fichiers, cr\u00e9ent de multiples silos de donn\u00e9es. Il semble qu&rsquo;il y ait non pas un projet, mais plusieurs projets parall\u00e8les.<br \/>\nCe cloisonnement emp\u00eache une vue d&rsquo;ensemble claire ainsi que la diffusion et la valorisation de l&rsquo;information. En d&rsquo;autres termes, les informations produites sont exhaustives et pr\u00e9cises, mais difficiles \u00e0 exploiter.<\/p>\n<h2>Surmonter le mur invisible entre le concept et la r\u00e9alit\u00e9 <\/h2>\n<p>Les donn\u00e9es de conception et d&rsquo;exploitation d&rsquo;un projet industriel restent-elles enferm\u00e9es dans des bases de donn\u00e9es ? Comment aligner le monde virtuel du design avec le monde r\u00e9el de la construction ?\u00a0<br \/>\nUn outil collaboratif est n\u00e9cessaire pour valoriser les informations produites par toutes les parties prenantes. Un simple outil de visualisation 3D ne suffit pas \u00e0 surmonter le mur invisible entre concept et r\u00e9alit\u00e9. Il est crucial d&rsquo;enrichir en temps r\u00e9el le mod\u00e8le 3D pour exploiter pleinement les donn\u00e9es du projet.<\/p>\n<h2>\u00c9viter les \u00e9cueils de la [[gestion de projet.]] <\/h2>\n<h2>Vous avez des questions ? <\/h2>\n<p>Votre projet d&rsquo;ing\u00e9nierie n\u00e9cessite l&rsquo;exploitation d&rsquo;un grand volume de donn\u00e9es et la collaboration avec de nombreuses \u00e9quipes expertes dans leur domaine !<br \/>\nLaissez-nous vous montrer les possibilit\u00e9s qu&rsquo;offre SmartShape.<\/p>\n<h2>SmartShape : [[une forme intelligente]] pour votre projet d\u2019ing\u00e9nierie. <\/h2>\n<p>SmartShape propose une appli web et mobile auto-h\u00e9berg\u00e9e qui est un jumeau num\u00e9rique fonctionnant \u00ab\u00a0as a service\u00a0\u00bb. Ce jumeau repr\u00e9sente en temps r\u00e9el et \u00e0 l&rsquo;\u00e9chelle le syst\u00e8me complexe con\u00e7u. Les \u00e9quipes projet utilisent ce jumeau pour mieux comprendre le mod\u00e8le, collaborer \u00e0 distance et en temps r\u00e9el.<br \/>\nUn Excel en 3D<br \/>\nLe jumeau num\u00e9rique a besoin de toutes les informations du projet. Les donn\u00e9es de vos tableurs sont int\u00e9gr\u00e9es pour une visualisation en 3D. Les processus m\u00e9tier sont ajout\u00e9s pour la collaboration en temps r\u00e9el. SmartShape est compl\u00e9t\u00e9 par une suite collaborative unique accessible en ligne ou hors ligne.<\/p>\n<h2>Une plateforme collaborative en temps r\u00e9el <\/h2>\n<h2>SmartShape : [[des fonctionnalit\u00e9s pens\u00e9es de A \u00e0 Z]] pour r\u00e9pondre \u00e0 vos besoins. <\/h2>\n","protected":false},"excerpt":{"rendered":"<p>SmartShape La r\u00e9ponse \u00e0 la complexit\u00e9 de la gestion de l\u2019information au c\u0153ur des m\u00e9gaprojets d\u2019ing\u00e9nierie. La [[gestion de l&rsquo;information]] dans les projets industriels complexes. Les deux enjeux majeurs du traitement de la donn\u00e9e &nbsp; [[SmartShape]] en images SmartShape valorise l\u2019intelligence collective en simplifiant la diffusion des informations et mettant \u00e0 disposition des parties prenantes [&hellip;]<\/p>\n","protected":false},"author":1,"featured_media":691,"parent":0,"menu_order":0,"comment_status":"closed","ping_status":"closed","template":"","meta":{"_acf_changed":false,"footnotes":""},"class_list":["post-489","page","type-page","status-publish","has-post-thumbnail","hentry"],"acf":[],"yoast_head":"<!-- This site is optimized with the Yoast SEO plugin v27.3 - https:\/\/yoast.com\/product\/yoast-seo-wordpress\/ -->\n<title>Outil multi secteur de conception, mod\u00e9lisation, simulation | SmartShape<\/title>\n<meta name=\"description\" content=\"D\u00e9couvrez notre puissant outil collaboratif de conception, mod\u00e9lisation et simulation multi-secteur. Cliquez ici pour optimiser vos projets industriels\" \/>\n<meta name=\"robots\" content=\"index, follow, max-snippet:-1, max-image-preview:large, max-video-preview:-1\" \/>\n<link rel=\"canonical\" href=\"https:\/\/smartshape.com\/fr\/smartshape\/\" \/>\n<meta property=\"og:locale\" content=\"fr_FR\" \/>\n<meta property=\"og:type\" content=\"article\" \/>\n<meta property=\"og:title\" content=\"Outil multi secteur de conception, mod\u00e9lisation, simulation | SmartShape\" \/>\n<meta property=\"og:description\" content=\"D\u00e9couvrez notre puissant outil collaboratif de conception, mod\u00e9lisation et simulation multi-secteur. Cliquez ici pour optimiser vos projets industriels\" \/>\n<meta property=\"og:url\" content=\"https:\/\/smartshape.com\/fr\/smartshape\/\" \/>\n<meta property=\"og:site_name\" content=\"SmartShape\" \/>\n<meta property=\"article:modified_time\" content=\"2024-06-26T08:31:57+00:00\" \/>\n<meta property=\"og:image\" content=\"https:\/\/smartshape.com\/wp-content\/uploads\/2023\/04\/smartshapr-produit.jpg\" \/>\n\t<meta property=\"og:image:width\" content=\"1366\" \/>\n\t<meta property=\"og:image:height\" content=\"579\" \/>\n\t<meta property=\"og:image:type\" content=\"image\/jpeg\" \/>\n<meta name=\"twitter:card\" content=\"summary_large_image\" \/>\n<meta name=\"twitter:label1\" content=\"Dur\u00e9e de lecture estim\u00e9e\" \/>\n\t<meta name=\"twitter:data1\" content=\"15 minutes\" \/>\n<script type=\"application\/ld+json\" class=\"yoast-schema-graph\">{\"@context\":\"https:\\\/\\\/schema.org\",\"@graph\":[{\"@type\":\"WebPage\",\"@id\":\"https:\\\/\\\/smartshape.com\\\/fr\\\/smartshape\\\/\",\"url\":\"https:\\\/\\\/smartshape.com\\\/fr\\\/smartshape\\\/\",\"name\":\"Outil multi secteur de conception, mod\u00e9lisation, simulation | SmartShape\",\"isPartOf\":{\"@id\":\"https:\\\/\\\/smartshape.com\\\/fr\\\/#website\"},\"primaryImageOfPage\":{\"@id\":\"https:\\\/\\\/smartshape.com\\\/fr\\\/smartshape\\\/#primaryimage\"},\"image\":{\"@id\":\"https:\\\/\\\/smartshape.com\\\/fr\\\/smartshape\\\/#primaryimage\"},\"thumbnailUrl\":\"https:\\\/\\\/smartshape.com\\\/wp-content\\\/uploads\\\/2023\\\/04\\\/smartshapr-produit.jpg\",\"datePublished\":\"2023-03-29T09:11:20+00:00\",\"dateModified\":\"2024-06-26T08:31:57+00:00\",\"description\":\"D\u00e9couvrez notre puissant outil collaboratif de conception, mod\u00e9lisation et simulation multi-secteur. Cliquez ici pour optimiser vos projets industriels\",\"breadcrumb\":{\"@id\":\"https:\\\/\\\/smartshape.com\\\/fr\\\/smartshape\\\/#breadcrumb\"},\"inLanguage\":\"fr-FR\",\"potentialAction\":[{\"@type\":\"ReadAction\",\"target\":[\"https:\\\/\\\/smartshape.com\\\/fr\\\/smartshape\\\/\"]}]},{\"@type\":\"ImageObject\",\"inLanguage\":\"fr-FR\",\"@id\":\"https:\\\/\\\/smartshape.com\\\/fr\\\/smartshape\\\/#primaryimage\",\"url\":\"https:\\\/\\\/smartshape.com\\\/wp-content\\\/uploads\\\/2023\\\/04\\\/smartshapr-produit.jpg\",\"contentUrl\":\"https:\\\/\\\/smartshape.com\\\/wp-content\\\/uploads\\\/2023\\\/04\\\/smartshapr-produit.jpg\",\"width\":1366,\"height\":579,\"caption\":\"Smartshapr_produit\"},{\"@type\":\"BreadcrumbList\",\"@id\":\"https:\\\/\\\/smartshape.com\\\/fr\\\/smartshape\\\/#breadcrumb\",\"itemListElement\":[{\"@type\":\"ListItem\",\"position\":1,\"name\":\"Accueil\",\"item\":\"https:\\\/\\\/smartshape.com\\\/fr\\\/\"},{\"@type\":\"ListItem\",\"position\":2,\"name\":\"SmartShape\"}]},{\"@type\":\"WebSite\",\"@id\":\"https:\\\/\\\/smartshape.com\\\/fr\\\/#website\",\"url\":\"https:\\\/\\\/smartshape.com\\\/fr\\\/\",\"name\":\"SmartShape\",\"description\":\"\",\"potentialAction\":[{\"@type\":\"SearchAction\",\"target\":{\"@type\":\"EntryPoint\",\"urlTemplate\":\"https:\\\/\\\/smartshape.com\\\/fr\\\/?s={search_term_string}\"},\"query-input\":{\"@type\":\"PropertyValueSpecification\",\"valueRequired\":true,\"valueName\":\"search_term_string\"}}],\"inLanguage\":\"fr-FR\"}]}<\/script>\n<!-- \/ Yoast SEO plugin. -->","yoast_head_json":{"title":"Outil multi secteur de conception, mod\u00e9lisation, simulation | SmartShape","description":"D\u00e9couvrez notre puissant outil collaboratif de conception, mod\u00e9lisation et simulation multi-secteur. Cliquez ici pour optimiser vos projets industriels","robots":{"index":"index","follow":"follow","max-snippet":"max-snippet:-1","max-image-preview":"max-image-preview:large","max-video-preview":"max-video-preview:-1"},"canonical":"https:\/\/smartshape.com\/fr\/smartshape\/","og_locale":"fr_FR","og_type":"article","og_title":"Outil multi secteur de conception, mod\u00e9lisation, simulation | SmartShape","og_description":"D\u00e9couvrez notre puissant outil collaboratif de conception, mod\u00e9lisation et simulation multi-secteur. Cliquez ici pour optimiser vos projets industriels","og_url":"https:\/\/smartshape.com\/fr\/smartshape\/","og_site_name":"SmartShape","article_modified_time":"2024-06-26T08:31:57+00:00","og_image":[{"width":1366,"height":579,"url":"https:\/\/smartshape.com\/wp-content\/uploads\/2023\/04\/smartshapr-produit.jpg","type":"image\/jpeg"}],"twitter_card":"summary_large_image","twitter_misc":{"Dur\u00e9e de lecture estim\u00e9e":"15 minutes"},"schema":{"@context":"https:\/\/schema.org","@graph":[{"@type":"WebPage","@id":"https:\/\/smartshape.com\/fr\/smartshape\/","url":"https:\/\/smartshape.com\/fr\/smartshape\/","name":"Outil multi secteur de conception, mod\u00e9lisation, simulation | SmartShape","isPartOf":{"@id":"https:\/\/smartshape.com\/fr\/#website"},"primaryImageOfPage":{"@id":"https:\/\/smartshape.com\/fr\/smartshape\/#primaryimage"},"image":{"@id":"https:\/\/smartshape.com\/fr\/smartshape\/#primaryimage"},"thumbnailUrl":"https:\/\/smartshape.com\/wp-content\/uploads\/2023\/04\/smartshapr-produit.jpg","datePublished":"2023-03-29T09:11:20+00:00","dateModified":"2024-06-26T08:31:57+00:00","description":"D\u00e9couvrez notre puissant outil collaboratif de conception, mod\u00e9lisation et simulation multi-secteur. Cliquez ici pour optimiser vos projets industriels","breadcrumb":{"@id":"https:\/\/smartshape.com\/fr\/smartshape\/#breadcrumb"},"inLanguage":"fr-FR","potentialAction":[{"@type":"ReadAction","target":["https:\/\/smartshape.com\/fr\/smartshape\/"]}]},{"@type":"ImageObject","inLanguage":"fr-FR","@id":"https:\/\/smartshape.com\/fr\/smartshape\/#primaryimage","url":"https:\/\/smartshape.com\/wp-content\/uploads\/2023\/04\/smartshapr-produit.jpg","contentUrl":"https:\/\/smartshape.com\/wp-content\/uploads\/2023\/04\/smartshapr-produit.jpg","width":1366,"height":579,"caption":"Smartshapr_produit"},{"@type":"BreadcrumbList","@id":"https:\/\/smartshape.com\/fr\/smartshape\/#breadcrumb","itemListElement":[{"@type":"ListItem","position":1,"name":"Accueil","item":"https:\/\/smartshape.com\/fr\/"},{"@type":"ListItem","position":2,"name":"SmartShape"}]},{"@type":"WebSite","@id":"https:\/\/smartshape.com\/fr\/#website","url":"https:\/\/smartshape.com\/fr\/","name":"SmartShape","description":"","potentialAction":[{"@type":"SearchAction","target":{"@type":"EntryPoint","urlTemplate":"https:\/\/smartshape.com\/fr\/?s={search_term_string}"},"query-input":{"@type":"PropertyValueSpecification","valueRequired":true,"valueName":"search_term_string"}}],"inLanguage":"fr-FR"}]}},"_links":{"self":[{"href":"https:\/\/smartshape.com\/fr\/wp-json\/wp\/v2\/pages\/489","targetHints":{"allow":["GET"]}}],"collection":[{"href":"https:\/\/smartshape.com\/fr\/wp-json\/wp\/v2\/pages"}],"about":[{"href":"https:\/\/smartshape.com\/fr\/wp-json\/wp\/v2\/types\/page"}],"author":[{"embeddable":true,"href":"https:\/\/smartshape.com\/fr\/wp-json\/wp\/v2\/users\/1"}],"replies":[{"embeddable":true,"href":"https:\/\/smartshape.com\/fr\/wp-json\/wp\/v2\/comments?post=489"}],"version-history":[{"count":4,"href":"https:\/\/smartshape.com\/fr\/wp-json\/wp\/v2\/pages\/489\/revisions"}],"predecessor-version":[{"id":3281,"href":"https:\/\/smartshape.com\/fr\/wp-json\/wp\/v2\/pages\/489\/revisions\/3281"}],"wp:featuredmedia":[{"embeddable":true,"href":"https:\/\/smartshape.com\/fr\/wp-json\/wp\/v2\/media\/691"}],"wp:attachment":[{"href":"https:\/\/smartshape.com\/fr\/wp-json\/wp\/v2\/media?parent=489"}],"curies":[{"name":"wp","href":"https:\/\/api.w.org\/{rel}","templated":true}]}}